{"id":2424,"date":"2025-02-10T11:34:48","date_gmt":"2025-02-10T10:34:48","guid":{"rendered":"https:\/\/fugadosalcatraz.com\/?page_id=2424"},"modified":"2025-02-10T11:34:50","modified_gmt":"2025-02-10T10:34:50","slug":"contractar-grup-de-versions-per-a-festes-majors","status":"publish","type":"page","link":"https:\/\/fugadosalcatraz.com\/es\/contractar-grup-de-versions-per-a-festes-majors\/","title":{"rendered":"Contractar grup de versions per a festes majors"},"content":{"rendered":"<style>.kb-row-layout-id2424_2e4984-69 > .kt-row-column-wrap{align-content:start;}:where(.kb-row-layout-id2424_2e4984-69 > .kt-row-column-wrap) > .wp-block-kadence-column{justify-content:start;}.kb-row-layout-id2424_2e4984-69 > .kt-row-column-wrap{column-gap:var(--global-kb-gap-md, 2rem);row-gap:var(--global-kb-gap-md, 2rem);max-width:var( --global-content-width, 1290px );padding-left:var(--global-content-edge-padding);padding-right:var(--global-content-edge-padding);padding-top:200px;padding-bottom:90px;grid-template-columns:minmax(0, 1fr);}.kb-row-layout-id2424_2e4984-69 > .kt-row-layout-overlay{opacity:0.56;background:radial-gradient(ellipse at right top, #e539fd 0%, var(--global-palette3) 92%);mix-blend-mode:multiply;}@media all and (max-width: 1024px){.kb-row-layout-id2424_2e4984-69 > .kt-row-column-wrap{grid-template-columns:minmax(0, 1fr);}}@media all and (max-width: 767px){.kb-row-layout-id2424_2e4984-69 > .kt-row-column-wrap{padding-top:var(--global-kb-spacing-4xl, 8rem);grid-template-columns:minmax(0, 1fr);}}<\/style><div class=\"kb-row-layout-wrap kb-row-layout-id2424_2e4984-69 alignnone has-theme-palette3-background-color kt-row-has-bg wp-block-kadence-rowlayout\"><div class=\"kt-row-layout-overlay kt-row-overlay-gradient\"><\/div><div class=\"kt-row-column-wrap kt-has-1-columns kt-row-layout-equal kt-tab-layout-inherit kt-mobile-layout-row kt-row-valign-top kb-theme-content-width\">\n<style>.kadence-column2424_2430c6-b0 > .kt-inside-inner-col,.kadence-column2424_2430c6-b0 > .kt-inside-inner-col:before{border-top-left-radius:0px;border-top-right-radius:0px;border-bottom-right-radius:0px;border-bottom-left-radius:0px;}.kadence-column2424_2430c6-b0 > .kt-inside-inner-col{column-gap:var(--global-kb-gap-sm, 1rem);}.kadence-column2424_2430c6-b0 > .kt-inside-inner-col{flex-direction:column;}.kadence-column2424_2430c6-b0 > .kt-inside-inner-col > .aligncenter{width:100%;}.kadence-column2424_2430c6-b0 > .kt-inside-inner-col:before{opacity:0.3;}.kadence-column2424_2430c6-b0{position:relative;}@media all and (max-width: 1024px){.kadence-column2424_2430c6-b0 > .kt-inside-inner-col{flex-direction:column;justify-content:center;}}@media all and (max-width: 767px){.kadence-column2424_2430c6-b0 > .kt-inside-inner-col{flex-direction:column;justify-content:center;}}<\/style>\n<div class=\"wp-block-kadence-column kadence-column2424_2430c6-b0 inner-column-1\"><div class=\"kt-inside-inner-col\"><style>.wp-block-kadence-advancedheading.kt-adv-heading2424_ad298a-eb, .wp-block-kadence-advancedheading.kt-adv-heading2424_ad298a-eb[data-kb-block=\"kb-adv-heading2424_ad298a-eb\"]{margin-top:0px;text-align:center;font-style:normal;}.wp-block-kadence-advancedheading.kt-adv-heading2424_ad298a-eb mark.kt-highlight, .wp-block-kadence-advancedheading.kt-adv-heading2424_ad298a-eb[data-kb-block=\"kb-adv-heading2424_ad298a-eb\"] mark.kt-highlight{font-style:normal;color:#f76a0c;-webkit-box-decoration-break:clone;box-decoration-break:clone;padding-top:0px;padding-right:0px;padding-bottom:0px;padding-left:0px;}.wp-block-kadence-advancedheading.kt-adv-heading2424_ad298a-eb img.kb-inline-image, .wp-block-kadence-advancedheading.kt-adv-heading2424_ad298a-eb[data-kb-block=\"kb-adv-heading2424_ad298a-eb\"] img.kb-inline-image{width:150px;vertical-align:baseline;}@media all and (max-width: 1024px){.wp-block-kadence-advancedheading.kt-adv-heading2424_ad298a-eb, .wp-block-kadence-advancedheading.kt-adv-heading2424_ad298a-eb[data-kb-block=\"kb-adv-heading2424_ad298a-eb\"]{font-size:60px;}}@media all and (max-width: 767px){.wp-block-kadence-advancedheading.kt-adv-heading2424_ad298a-eb, .wp-block-kadence-advancedheading.kt-adv-heading2424_ad298a-eb[data-kb-block=\"kb-adv-heading2424_ad298a-eb\"]{font-size:26px;}}<\/style>\n<h1 class=\"kt-adv-heading2424_ad298a-eb wp-block-kadence-advancedheading has-theme-palette-9-color has-text-color\" data-kb-block=\"kb-adv-heading2424_ad298a-eb\">Contractar grup de versions per a festes majors<\/h1>\n\n\n<style>.wp-block-kadence-advancedheading.kt-adv-heading2424_d68a5b-81, .wp-block-kadence-advancedheading.kt-adv-heading2424_d68a5b-81[data-kb-block=\"kb-adv-heading2424_d68a5b-81\"]{text-align:center;font-style:normal;}.wp-block-kadence-advancedheading.kt-adv-heading2424_d68a5b-81 mark.kt-highlight, .wp-block-kadence-advancedheading.kt-adv-heading2424_d68a5b-81[data-kb-block=\"kb-adv-heading2424_d68a5b-81\"] mark.kt-highlight{font-style:normal;color:#f76a0c;-webkit-box-decoration-break:clone;box-decoration-break:clone;padding-top:0px;padding-right:0px;padding-bottom:0px;padding-left:0px;}.wp-block-kadence-advancedheading.kt-adv-heading2424_d68a5b-81 img.kb-inline-image, .wp-block-kadence-advancedheading.kt-adv-heading2424_d68a5b-81[data-kb-block=\"kb-adv-heading2424_d68a5b-81\"] img.kb-inline-image{width:150px;vertical-align:baseline;}<\/style>\n<p class=\"kt-adv-heading2424_d68a5b-81 wp-block-kadence-advancedheading has-theme-palette-9-color has-text-color\" data-kb-block=\"kb-adv-heading2424_d68a5b-81\"><a href=\"https:\/\/startertemplatecloud.com\/e18\/#\"><\/a><\/p>\n<\/div><\/div>\n\n<\/div><\/div>\n\n<style>.kb-row-layout-id2424_ef5271-5c > .kt-row-column-wrap{align-content:start;}:where(.kb-row-layout-id2424_ef5271-5c > .kt-row-column-wrap) > .wp-block-kadence-column{justify-content:start;}.kb-row-layout-id2424_ef5271-5c > .kt-row-column-wrap{column-gap:var(--global-kb-gap-lg, 4rem);row-gap:var(--global-kb-gap-md, 2rem);max-width:var( --global-content-width, 1290px );padding-left:var(--global-content-edge-padding);padding-right:var(--global-content-edge-padding);padding-top:80px;padding-bottom:80px;grid-template-columns:repeat(2, minmax(0, 1fr));}.kb-row-layout-id2424_ef5271-5c > .kt-row-layout-overlay{opacity:0.30;}@media all and (max-width: 1024px){.kb-row-layout-id2424_ef5271-5c > .kt-row-column-wrap{grid-template-columns:repeat(2, minmax(0, 1fr));}}@media all and (max-width: 767px){.kb-row-layout-id2424_ef5271-5c > .kt-row-column-wrap{grid-template-columns:minmax(0, 1fr);}}<\/style><div class=\"kb-row-layout-wrap kb-row-layout-id2424_ef5271-5c alignnone wp-block-kadence-rowlayout\"><div class=\"kt-row-column-wrap kt-has-2-columns kt-row-layout-equal kt-tab-layout-inherit kt-mobile-layout-row kt-row-valign-top kb-theme-content-width\">\n<style>.kadence-column2424_d99db3-ec > .kt-inside-inner-col,.kadence-column2424_d99db3-ec > .kt-inside-inner-col:before{border-top-left-radius:0px;border-top-right-radius:0px;border-bottom-right-radius:0px;border-bottom-left-radius:0px;}.kadence-column2424_d99db3-ec > .kt-inside-inner-col{column-gap:var(--global-kb-gap-sm, 1rem);}.kadence-column2424_d99db3-ec > .kt-inside-inner-col{flex-direction:column;}.kadence-column2424_d99db3-ec > .kt-inside-inner-col > .aligncenter{width:100%;}.kadence-column2424_d99db3-ec > .kt-inside-inner-col:before{opacity:0.3;}.kadence-column2424_d99db3-ec{position:relative;}@media all and (max-width: 1024px){.kadence-column2424_d99db3-ec > .kt-inside-inner-col{flex-direction:column;justify-content:center;}}@media all and (max-width: 767px){.kadence-column2424_d99db3-ec > .kt-inside-inner-col{flex-direction:column;justify-content:center;}}<\/style>\n<div class=\"wp-block-kadence-column kadence-column2424_d99db3-ec inner-column-1\"><div class=\"kt-inside-inner-col\">\n<h2 class=\"wp-block-heading\">Contractar grup de versions per a festes majors: Fugados de Alcatraz, una experi\u00e8ncia \u00fanica<\/h2>\n\n\n\n<p>Si est\u00e0s buscant <strong>contractar grup de versions per a festes majors<\/strong>, Fugados de Alcatraz som la banda que far\u00e0 que el teu esdeveniment sigui inoblidable. Amb un repertori ple de can\u00e7ons hist\u00f2riques i els \u00e8xits m\u00e9s actuals, la nostra banda sabr\u00e0 crear l\u2019ambient perfecte per a una festa major plena de m\u00fasica, energia i diversi\u00f3.<\/p>\n\n\n\n<h2 class=\"wp-block-heading\">Des dels \u00e8xits m\u00e9s cl\u00e0ssics fins als m\u00e9s moderns: grup de versions per a festes majors<\/h2>\n\n\n\n<p>Quan es tracta de <strong>contractar grup de versions per a festes majors<\/strong>, Fugados de Alcatraz som la millor elecci\u00f3. Amb una selecci\u00f3 de m\u00e9s de 100 temes que inclouen cl\u00e0ssics dels anys 80 i 90, aix\u00ed com els \u00e8xits m\u00e9s recents, el grup s\u2019adapta a totes les edats i gustos. Des de les can\u00e7ons m\u00e9s conegudes de Queen, Michael Jackson i Bon Jovi fins als temes contemporanis de Rosal\u00eda, Ed Sheeran i Shakira, Fugados de Alcatraz sabem com fer que tots els assistents es mantinguin ballant tota la nit.<\/p>\n\n\n\n<p>El nostre format de medley amb transicions musicals fluides entre tema i tema permet que l\u2019espectacle sigui ininterromput i ple d\u2019energia. Aix\u00f2 garanteix que ning\u00fa es quedi a la vora, ja que la m\u00fasica continua sense pauses, mantenint l\u2019ambient festiu en tot moment. Fugados de Alcatraz \u00e9s perfecte per a festes majors perqu\u00e8 sabem captar l&#8217;atenci\u00f3 de p\u00fablics de totes les edats i crear moments m\u00e0gics i divertits.<\/p>\n<\/div><\/div>\n\n\n<style>.kadence-column2424_d09548-76 > .kt-inside-inner-col,.kadence-column2424_d09548-76 > .kt-inside-inner-col:before{border-top-left-radius:0px;border-top-right-radius:0px;border-bottom-right-radius:0px;border-bottom-left-radius:0px;}.kadence-column2424_d09548-76 > .kt-inside-inner-col{column-gap:var(--global-kb-gap-sm, 1rem);}.kadence-column2424_d09548-76 > .kt-inside-inner-col{flex-direction:column;}.kadence-column2424_d09548-76 > .kt-inside-inner-col > .aligncenter{width:100%;}.kadence-column2424_d09548-76 > .kt-inside-inner-col:before{opacity:0.3;}.kadence-column2424_d09548-76{position:relative;}@media all and (max-width: 1024px){.kadence-column2424_d09548-76 > .kt-inside-inner-col{flex-direction:column;justify-content:center;}}@media all and (max-width: 767px){.kadence-column2424_d09548-76 > .kt-inside-inner-col{flex-direction:column;justify-content:center;}}<\/style>\n<div class=\"wp-block-kadence-column kadence-column2424_d09548-76\"><div class=\"kt-inside-inner-col\">\n<figure class=\"wp-block-image size-full\"><img loading=\"lazy\" decoding=\"async\" width=\"940\" height=\"788\" src=\"https:\/\/fugadosalcatraz.com\/wp-content\/uploads\/2024\/04\/Fugados-de-Alcatraz.jpg\" alt=\"\" class=\"wp-image-1898\" srcset=\"https:\/\/fugadosalcatraz.com\/wp-content\/uploads\/2024\/04\/Fugados-de-Alcatraz.jpg 940w, https:\/\/fugadosalcatraz.com\/wp-content\/uploads\/2024\/04\/Fugados-de-Alcatraz-300x251.jpg 300w, https:\/\/fugadosalcatraz.com\/wp-content\/uploads\/2024\/04\/Fugados-de-Alcatraz-768x644.jpg 768w, https:\/\/fugadosalcatraz.com\/wp-content\/uploads\/2024\/04\/Fugados-de-Alcatraz-14x12.jpg 14w\" sizes=\"auto, (max-width: 940px) 100vw, 940px\" \/><\/figure>\n\n\n\n<h2 class=\"wp-block-heading\">Contractar grup de versions per a festes majors i gaudeix d\u2019una festa inoblidable<\/h2>\n\n\n\n<p>Fugados de Alcatraz som el grup ideal si el que vols \u00e9s <strong>contractar grup de versions per a festes majors<\/strong>, ja que oferim una actuaci\u00f3 vibrant i en\u00e8rgica per a grans celebracions. Amb una gran varietat de can\u00e7ons que inclouen noms tan diferents com David Bisbal, Hombres G, Sopa de Cabra, ABBA, Aerosmith, Village People i molts m\u00e9s, el Fugados de Alcatraz creem una experi\u00e8ncia musical \u00fanica.<\/p>\n\n\n\n<p>Amb una gran experi\u00e8ncia en festes de gran format, Fugados de Alcatraz estem preparats per animar qualsevol esdeveniment de gran escala. La nostra capacitat per connectar amb el p\u00fablic, la qualitat de l\u2019espectacle en viu i la nostra professionalitat faran que la teva festa sigui un \u00e8xit absolut. No deixis passar l\u2019oportunitat de contractar una banda de versions de qualitat per a la teva festa major. Contacta amb Fugados de Alcatraz i assegura\u2019t que la teva celebraci\u00f3 sigui recordada per tothom!<\/p>\n<\/div><\/div>\n\n<\/div><\/div>","protected":false},"excerpt":{"rendered":"<p>Contractar grup de versions per a festes majors Contractar grup de versions per a festes majors: Fugados de Alcatraz, una experi\u00e8ncia \u00fanica Si est\u00e0s buscant contractar grup de versions per&#8230;<\/p>","protected":false},"author":4,"featured_media":506,"parent":0,"menu_order":0,"comment_status":"closed","ping_status":"closed","template":"","meta":{"_kad_blocks_custom_css":"","_kad_blocks_head_custom_js":"","_kad_blocks_body_custom_js":"","_kad_blocks_footer_custom_js":"","_EventAllDay":false,"_EventTimezone":"","_EventStartDate":"","_EventEndDate":"","_EventStartDateUTC":"","_EventEndDateUTC":"","_EventShowMap":false,"_EventShowMapLink":false,"_EventURL":"","_EventCost":"","_EventCostDescription":"","_EventCurrencySymbol":"","_EventCurrencyCode":"","_EventCurrencyPosition":"","_EventDateTimeSeparator":"","_EventTimeRangeSeparator":"","_EventOrganizerID":[],"_EventVenueID":[],"_OrganizerEmail":"","_OrganizerPhone":"","_OrganizerWebsite":"","_VenueAddress":"","_VenueCity":"","_VenueCountry":"","_VenueProvince":"","_VenueState":"","_VenueZip":"","_VenuePhone":"","_VenueURL":"","_VenueStateProvince":"","_VenueLat":"","_VenueLng":"","_VenueShowMap":false,"_VenueShowMapLink":false,"_kad_post_transparent":"","_kad_post_title":"hide","_kad_post_layout":"fullwidth","_kad_post_sidebar_id":"","_kad_post_content_style":"unboxed","_kad_post_vertical_padding":"hide","_kad_post_feature":"hide","_kad_post_feature_position":"","_kad_post_header":false,"_kad_post_footer":false,"_kad_post_classname":"","footnotes":""},"class_list":["post-2424","page","type-page","status-publish","has-post-thumbnail","hentry"],"yoast_head":"<!-- This site is optimized with the Yoast SEO plugin v27.2 - https:\/\/yoast.com\/product\/yoast-seo-wordpress\/ -->\n<title>Contractar grup de versions per a festes majors - Grupo de versiones<\/title>\n<meta name=\"robots\" content=\"index, follow, max-snippet:-1, max-image-preview:large, max-video-preview:-1\" \/>\n<link rel=\"canonical\" href=\"https:\/\/fugadosalcatraz.com\/es\/contractar-grup-de-versions-per-a-festes-majors\/\" \/>\n<meta property=\"og:locale\" content=\"es_ES\" \/>\n<meta property=\"og:type\" content=\"article\" \/>\n<meta property=\"og:title\" content=\"Contractar grup de versions per a festes majors - Grupo de versiones\" \/>\n<meta property=\"og:description\" content=\"Contractar grup de versions per a festes majors Contractar grup de versions per a festes majors: Fugados de Alcatraz, una experi\u00e8ncia \u00fanica Si est\u00e0s buscant contractar grup de versions per...\" \/>\n<meta property=\"og:url\" content=\"https:\/\/fugadosalcatraz.com\/es\/contractar-grup-de-versions-per-a-festes-majors\/\" \/>\n<meta property=\"og:site_name\" content=\"Grupo de versiones\" \/>\n<meta property=\"article:modified_time\" content=\"2025-02-10T10:34:50+00:00\" \/>\n<meta property=\"og:image\" content=\"https:\/\/fugadosalcatraz.com\/wp-content\/uploads\/2022\/05\/Registration-1.jpeg\" \/>\n\t<meta property=\"og:image:width\" content=\"1600\" \/>\n\t<meta property=\"og:image:height\" content=\"2083\" \/>\n\t<meta property=\"og:image:type\" content=\"image\/jpeg\" \/>\n<meta name=\"twitter:card\" content=\"summary_large_image\" \/>\n<meta name=\"twitter:label1\" content=\"Tiempo de lectura\" \/>\n\t<meta name=\"twitter:data1\" content=\"3 minutos\" \/>\n<script type=\"application\/ld+json\" class=\"yoast-schema-graph\">{\"@context\":\"https:\/\/schema.org\",\"@graph\":[{\"@type\":\"WebPage\",\"@id\":\"https:\/\/fugadosalcatraz.com\/contractar-grup-de-versions-per-a-festes-majors\/\",\"url\":\"https:\/\/fugadosalcatraz.com\/contractar-grup-de-versions-per-a-festes-majors\/\",\"name\":\"Contractar grup de versions per a festes majors - Grupo de versiones\",\"isPartOf\":{\"@id\":\"https:\/\/fugadosalcatraz.com\/#website\"},\"primaryImageOfPage\":{\"@id\":\"https:\/\/fugadosalcatraz.com\/contractar-grup-de-versions-per-a-festes-majors\/#primaryimage\"},\"image\":{\"@id\":\"https:\/\/fugadosalcatraz.com\/contractar-grup-de-versions-per-a-festes-majors\/#primaryimage\"},\"thumbnailUrl\":\"https:\/\/fugadosalcatraz.com\/wp-content\/uploads\/2022\/05\/Registration-1.jpeg\",\"datePublished\":\"2025-02-10T10:34:48+00:00\",\"dateModified\":\"2025-02-10T10:34:50+00:00\",\"breadcrumb\":{\"@id\":\"https:\/\/fugadosalcatraz.com\/contractar-grup-de-versions-per-a-festes-majors\/#breadcrumb\"},\"inLanguage\":\"es\",\"potentialAction\":[{\"@type\":\"ReadAction\",\"target\":[\"https:\/\/fugadosalcatraz.com\/contractar-grup-de-versions-per-a-festes-majors\/\"]}]},{\"@type\":\"ImageObject\",\"inLanguage\":\"es\",\"@id\":\"https:\/\/fugadosalcatraz.com\/contractar-grup-de-versions-per-a-festes-majors\/#primaryimage\",\"url\":\"https:\/\/fugadosalcatraz.com\/wp-content\/uploads\/2022\/05\/Registration-1.jpeg\",\"contentUrl\":\"https:\/\/fugadosalcatraz.com\/wp-content\/uploads\/2022\/05\/Registration-1.jpeg\",\"width\":1600,\"height\":2083},{\"@type\":\"BreadcrumbList\",\"@id\":\"https:\/\/fugadosalcatraz.com\/contractar-grup-de-versions-per-a-festes-majors\/#breadcrumb\",\"itemListElement\":[{\"@type\":\"ListItem\",\"position\":1,\"name\":\"Inici\",\"item\":\"https:\/\/fugadosalcatraz.com\/\"},{\"@type\":\"ListItem\",\"position\":2,\"name\":\"Contractar grup de versions per a festes majors\"}]},{\"@type\":\"WebSite\",\"@id\":\"https:\/\/fugadosalcatraz.com\/#website\",\"url\":\"https:\/\/fugadosalcatraz.com\/\",\"name\":\"Grupo de versiones\",\"description\":\"Fugados de Alcatraz\",\"publisher\":{\"@id\":\"https:\/\/fugadosalcatraz.com\/#organization\"},\"potentialAction\":[{\"@type\":\"SearchAction\",\"target\":{\"@type\":\"EntryPoint\",\"urlTemplate\":\"https:\/\/fugadosalcatraz.com\/?s={search_term_string}\"},\"query-input\":{\"@type\":\"PropertyValueSpecification\",\"valueRequired\":true,\"valueName\":\"search_term_string\"}}],\"inLanguage\":\"es\"},{\"@type\":\"Organization\",\"@id\":\"https:\/\/fugadosalcatraz.com\/#organization\",\"name\":\"Grupo de versiones\",\"url\":\"https:\/\/fugadosalcatraz.com\/\",\"logo\":{\"@type\":\"ImageObject\",\"inLanguage\":\"es\",\"@id\":\"https:\/\/fugadosalcatraz.com\/#\/schema\/logo\/image\/\",\"url\":\"https:\/\/fugadosalcatraz.com\/wp-content\/uploads\/2024\/01\/FUGADOS-logo.png\",\"contentUrl\":\"https:\/\/fugadosalcatraz.com\/wp-content\/uploads\/2024\/01\/FUGADOS-logo.png\",\"width\":1200,\"height\":466,\"caption\":\"Grupo de versiones\"},\"image\":{\"@id\":\"https:\/\/fugadosalcatraz.com\/#\/schema\/logo\/image\/\"}}]}<\/script>\n<!-- \/ Yoast SEO plugin. -->","yoast_head_json":{"title":"Contractar grup de versions per a festes majors - Grupo de versiones","robots":{"index":"index","follow":"follow","max-snippet":"max-snippet:-1","max-image-preview":"max-image-preview:large","max-video-preview":"max-video-preview:-1"},"canonical":"https:\/\/fugadosalcatraz.com\/es\/contractar-grup-de-versions-per-a-festes-majors\/","og_locale":"es_ES","og_type":"article","og_title":"Contractar grup de versions per a festes majors - Grupo de versiones","og_description":"Contractar grup de versions per a festes majors Contractar grup de versions per a festes majors: Fugados de Alcatraz, una experi\u00e8ncia \u00fanica Si est\u00e0s buscant contractar grup de versions per...","og_url":"https:\/\/fugadosalcatraz.com\/es\/contractar-grup-de-versions-per-a-festes-majors\/","og_site_name":"Grupo de versiones","article_modified_time":"2025-02-10T10:34:50+00:00","og_image":[{"width":1600,"height":2083,"url":"https:\/\/fugadosalcatraz.com\/wp-content\/uploads\/2022\/05\/Registration-1.jpeg","type":"image\/jpeg"}],"twitter_card":"summary_large_image","twitter_misc":{"Tiempo de lectura":"3 minutos"},"schema":{"@context":"https:\/\/schema.org","@graph":[{"@type":"WebPage","@id":"https:\/\/fugadosalcatraz.com\/contractar-grup-de-versions-per-a-festes-majors\/","url":"https:\/\/fugadosalcatraz.com\/contractar-grup-de-versions-per-a-festes-majors\/","name":"Contractar grup de versions per a festes majors - Grupo de versiones","isPartOf":{"@id":"https:\/\/fugadosalcatraz.com\/#website"},"primaryImageOfPage":{"@id":"https:\/\/fugadosalcatraz.com\/contractar-grup-de-versions-per-a-festes-majors\/#primaryimage"},"image":{"@id":"https:\/\/fugadosalcatraz.com\/contractar-grup-de-versions-per-a-festes-majors\/#primaryimage"},"thumbnailUrl":"https:\/\/fugadosalcatraz.com\/wp-content\/uploads\/2022\/05\/Registration-1.jpeg","datePublished":"2025-02-10T10:34:48+00:00","dateModified":"2025-02-10T10:34:50+00:00","breadcrumb":{"@id":"https:\/\/fugadosalcatraz.com\/contractar-grup-de-versions-per-a-festes-majors\/#breadcrumb"},"inLanguage":"es","potentialAction":[{"@type":"ReadAction","target":["https:\/\/fugadosalcatraz.com\/contractar-grup-de-versions-per-a-festes-majors\/"]}]},{"@type":"ImageObject","inLanguage":"es","@id":"https:\/\/fugadosalcatraz.com\/contractar-grup-de-versions-per-a-festes-majors\/#primaryimage","url":"https:\/\/fugadosalcatraz.com\/wp-content\/uploads\/2022\/05\/Registration-1.jpeg","contentUrl":"https:\/\/fugadosalcatraz.com\/wp-content\/uploads\/2022\/05\/Registration-1.jpeg","width":1600,"height":2083},{"@type":"BreadcrumbList","@id":"https:\/\/fugadosalcatraz.com\/contractar-grup-de-versions-per-a-festes-majors\/#breadcrumb","itemListElement":[{"@type":"ListItem","position":1,"name":"Inici","item":"https:\/\/fugadosalcatraz.com\/"},{"@type":"ListItem","position":2,"name":"Contractar grup de versions per a festes majors"}]},{"@type":"WebSite","@id":"https:\/\/fugadosalcatraz.com\/#website","url":"https:\/\/fugadosalcatraz.com\/","name":"Grupo de versiones","description":"Fugados de Alcatraz","publisher":{"@id":"https:\/\/fugadosalcatraz.com\/#organization"},"potentialAction":[{"@type":"SearchAction","target":{"@type":"EntryPoint","urlTemplate":"https:\/\/fugadosalcatraz.com\/?s={search_term_string}"},"query-input":{"@type":"PropertyValueSpecification","valueRequired":true,"valueName":"search_term_string"}}],"inLanguage":"es"},{"@type":"Organization","@id":"https:\/\/fugadosalcatraz.com\/#organization","name":"Grupo de versiones","url":"https:\/\/fugadosalcatraz.com\/","logo":{"@type":"ImageObject","inLanguage":"es","@id":"https:\/\/fugadosalcatraz.com\/#\/schema\/logo\/image\/","url":"https:\/\/fugadosalcatraz.com\/wp-content\/uploads\/2024\/01\/FUGADOS-logo.png","contentUrl":"https:\/\/fugadosalcatraz.com\/wp-content\/uploads\/2024\/01\/FUGADOS-logo.png","width":1200,"height":466,"caption":"Grupo de versiones"},"image":{"@id":"https:\/\/fugadosalcatraz.com\/#\/schema\/logo\/image\/"}}]}},"taxonomy_info":[],"featured_image_src_large":["https:\/\/fugadosalcatraz.com\/wp-content\/uploads\/2022\/05\/Registration-1-787x1024.jpeg",787,1024,true],"author_info":{"display_name":"Patri","author_link":"https:\/\/fugadosalcatraz.com\/es\/author\/patri\/"},"comment_info":0,"_links":{"self":[{"href":"https:\/\/fugadosalcatraz.com\/es\/wp-json\/wp\/v2\/pages\/2424","targetHints":{"allow":["GET"]}}],"collection":[{"href":"https:\/\/fugadosalcatraz.com\/es\/wp-json\/wp\/v2\/pages"}],"about":[{"href":"https:\/\/fugadosalcatraz.com\/es\/wp-json\/wp\/v2\/types\/page"}],"author":[{"embeddable":true,"href":"https:\/\/fugadosalcatraz.com\/es\/wp-json\/wp\/v2\/users\/4"}],"replies":[{"embeddable":true,"href":"https:\/\/fugadosalcatraz.com\/es\/wp-json\/wp\/v2\/comments?post=2424"}],"version-history":[{"count":2,"href":"https:\/\/fugadosalcatraz.com\/es\/wp-json\/wp\/v2\/pages\/2424\/revisions"}],"predecessor-version":[{"id":2426,"href":"https:\/\/fugadosalcatraz.com\/es\/wp-json\/wp\/v2\/pages\/2424\/revisions\/2426"}],"wp:featuredmedia":[{"embeddable":true,"href":"https:\/\/fugadosalcatraz.com\/es\/wp-json\/wp\/v2\/media\/506"}],"wp:attachment":[{"href":"https:\/\/fugadosalcatraz.com\/es\/wp-json\/wp\/v2\/media?parent=2424"}],"curies":[{"name":"wp","href":"https:\/\/api.w.org\/{rel}","templated":true}]}}