{"id":2304,"date":"2024-10-29T09:24:49","date_gmt":"2024-10-29T08:24:49","guid":{"rendered":"https:\/\/fugadosalcatraz.com\/?page_id=2304"},"modified":"2024-10-29T09:24:50","modified_gmt":"2024-10-29T08:24:50","slug":"grup-musical-per-a-festa-privada-tarragona","status":"publish","type":"page","link":"https:\/\/fugadosalcatraz.com\/es\/contractacions\/grup-versions-festa-major\/grup-musical-per-a-festa-privada-tarragona\/","title":{"rendered":"grup musical per a festa privada Tarragona"},"content":{"rendered":"<style>.kb-row-layout-id2304_d69f5e-4c > .kt-row-column-wrap{align-content:start;}:where(.kb-row-layout-id2304_d69f5e-4c > .kt-row-column-wrap) > .wp-block-kadence-column{justify-content:start;}.kb-row-layout-id2304_d69f5e-4c > .kt-row-column-wrap{column-gap:var(--global-kb-gap-md, 2rem);row-gap:var(--global-kb-gap-md, 2rem);max-width:var( --global-content-width, 1290px );padding-left:var(--global-content-edge-padding);padding-right:var(--global-content-edge-padding);padding-top:200px;padding-bottom:90px;grid-template-columns:minmax(0, 1fr);}.kb-row-layout-id2304_d69f5e-4c > .kt-row-layout-overlay{opacity:0.56;background:radial-gradient(ellipse at right top, #e539fd 0%, var(--global-palette3) 92%);mix-blend-mode:multiply;}@media all and (max-width: 1024px){.kb-row-layout-id2304_d69f5e-4c > .kt-row-column-wrap{grid-template-columns:minmax(0, 1fr);}}@media all and (max-width: 767px){.kb-row-layout-id2304_d69f5e-4c > .kt-row-column-wrap{padding-top:var(--global-kb-spacing-4xl, 8rem);grid-template-columns:minmax(0, 1fr);}}<\/style><div class=\"kb-row-layout-wrap kb-row-layout-id2304_d69f5e-4c alignnone has-theme-palette3-background-color kt-row-has-bg wp-block-kadence-rowlayout\"><div class=\"kt-row-layout-overlay kt-row-overlay-gradient\"><\/div><div class=\"kt-row-column-wrap kt-has-1-columns kt-row-layout-equal kt-tab-layout-inherit kt-mobile-layout-row kt-row-valign-top kb-theme-content-width\">\n<style>.kadence-column2304_08b68b-2d > .kt-inside-inner-col,.kadence-column2304_08b68b-2d > .kt-inside-inner-col:before{border-top-left-radius:0px;border-top-right-radius:0px;border-bottom-right-radius:0px;border-bottom-left-radius:0px;}.kadence-column2304_08b68b-2d > .kt-inside-inner-col{column-gap:var(--global-kb-gap-sm, 1rem);}.kadence-column2304_08b68b-2d > .kt-inside-inner-col{flex-direction:column;}.kadence-column2304_08b68b-2d > .kt-inside-inner-col > .aligncenter{width:100%;}.kadence-column2304_08b68b-2d > .kt-inside-inner-col:before{opacity:0.3;}.kadence-column2304_08b68b-2d{position:relative;}@media all and (max-width: 1024px){.kadence-column2304_08b68b-2d > .kt-inside-inner-col{flex-direction:column;justify-content:center;}}@media all and (max-width: 767px){.kadence-column2304_08b68b-2d > .kt-inside-inner-col{flex-direction:column;justify-content:center;}}<\/style>\n<div class=\"wp-block-kadence-column kadence-column2304_08b68b-2d inner-column-1\"><div class=\"kt-inside-inner-col\"><style>.wp-block-kadence-advancedheading.kt-adv-heading2304_370ebe-7b, .wp-block-kadence-advancedheading.kt-adv-heading2304_370ebe-7b[data-kb-block=\"kb-adv-heading2304_370ebe-7b\"]{margin-top:0px;text-align:center;font-style:normal;}.wp-block-kadence-advancedheading.kt-adv-heading2304_370ebe-7b mark.kt-highlight, .wp-block-kadence-advancedheading.kt-adv-heading2304_370ebe-7b[data-kb-block=\"kb-adv-heading2304_370ebe-7b\"] mark.kt-highlight{font-style:normal;color:#f76a0c;-webkit-box-decoration-break:clone;box-decoration-break:clone;padding-top:0px;padding-right:0px;padding-bottom:0px;padding-left:0px;}.wp-block-kadence-advancedheading.kt-adv-heading2304_370ebe-7b img.kb-inline-image, .wp-block-kadence-advancedheading.kt-adv-heading2304_370ebe-7b[data-kb-block=\"kb-adv-heading2304_370ebe-7b\"] img.kb-inline-image{width:150px;vertical-align:baseline;}@media all and (max-width: 1024px){.wp-block-kadence-advancedheading.kt-adv-heading2304_370ebe-7b, .wp-block-kadence-advancedheading.kt-adv-heading2304_370ebe-7b[data-kb-block=\"kb-adv-heading2304_370ebe-7b\"]{font-size:60px;}}@media all and (max-width: 767px){.wp-block-kadence-advancedheading.kt-adv-heading2304_370ebe-7b, .wp-block-kadence-advancedheading.kt-adv-heading2304_370ebe-7b[data-kb-block=\"kb-adv-heading2304_370ebe-7b\"]{font-size:26px;}}<\/style>\n<h1 class=\"kt-adv-heading2304_370ebe-7b wp-block-kadence-advancedheading has-theme-palette-9-color has-text-color\" data-kb-block=\"kb-adv-heading2304_370ebe-7b\">grup musical per a festa privada Tarragona<\/h1>\n\n\n<style>.wp-block-kadence-advancedheading.kt-adv-heading2304_93bc3e-39, .wp-block-kadence-advancedheading.kt-adv-heading2304_93bc3e-39[data-kb-block=\"kb-adv-heading2304_93bc3e-39\"]{text-align:center;font-style:normal;}.wp-block-kadence-advancedheading.kt-adv-heading2304_93bc3e-39 mark.kt-highlight, .wp-block-kadence-advancedheading.kt-adv-heading2304_93bc3e-39[data-kb-block=\"kb-adv-heading2304_93bc3e-39\"] mark.kt-highlight{font-style:normal;color:#f76a0c;-webkit-box-decoration-break:clone;box-decoration-break:clone;padding-top:0px;padding-right:0px;padding-bottom:0px;padding-left:0px;}.wp-block-kadence-advancedheading.kt-adv-heading2304_93bc3e-39 img.kb-inline-image, .wp-block-kadence-advancedheading.kt-adv-heading2304_93bc3e-39[data-kb-block=\"kb-adv-heading2304_93bc3e-39\"] img.kb-inline-image{width:150px;vertical-align:baseline;}<\/style>\n<p class=\"kt-adv-heading2304_93bc3e-39 wp-block-kadence-advancedheading has-theme-palette-9-color has-text-color\" data-kb-block=\"kb-adv-heading2304_93bc3e-39\"><a href=\"https:\/\/startertemplatecloud.com\/e18\/#\"><\/a><\/p>\n<\/div><\/div>\n\n<\/div><\/div>\n\n<style>.kb-row-layout-id2304_119be3-b4 > .kt-row-column-wrap{align-content:start;}:where(.kb-row-layout-id2304_119be3-b4 > .kt-row-column-wrap) > .wp-block-kadence-column{justify-content:start;}.kb-row-layout-id2304_119be3-b4 > .kt-row-column-wrap{column-gap:var(--global-kb-gap-lg, 4rem);row-gap:var(--global-kb-gap-md, 2rem);max-width:var( --global-content-width, 1290px );padding-left:var(--global-content-edge-padding);padding-right:var(--global-content-edge-padding);padding-top:80px;padding-bottom:80px;grid-template-columns:repeat(2, minmax(0, 1fr));}.kb-row-layout-id2304_119be3-b4 > .kt-row-layout-overlay{opacity:0.30;}@media all and (max-width: 1024px){.kb-row-layout-id2304_119be3-b4 > .kt-row-column-wrap{grid-template-columns:repeat(2, minmax(0, 1fr));}}@media all and (max-width: 767px){.kb-row-layout-id2304_119be3-b4 > .kt-row-column-wrap{grid-template-columns:minmax(0, 1fr);}}<\/style><div class=\"kb-row-layout-wrap kb-row-layout-id2304_119be3-b4 alignnone wp-block-kadence-rowlayout\"><div class=\"kt-row-column-wrap kt-has-2-columns kt-row-layout-equal kt-tab-layout-inherit kt-mobile-layout-row kt-row-valign-top kb-theme-content-width\">\n<style>.kadence-column2304_ece1cc-86 > .kt-inside-inner-col,.kadence-column2304_ece1cc-86 > .kt-inside-inner-col:before{border-top-left-radius:0px;border-top-right-radius:0px;border-bottom-right-radius:0px;border-bottom-left-radius:0px;}.kadence-column2304_ece1cc-86 > .kt-inside-inner-col{column-gap:var(--global-kb-gap-sm, 1rem);}.kadence-column2304_ece1cc-86 > .kt-inside-inner-col{flex-direction:column;}.kadence-column2304_ece1cc-86 > .kt-inside-inner-col > .aligncenter{width:100%;}.kadence-column2304_ece1cc-86 > .kt-inside-inner-col:before{opacity:0.3;}.kadence-column2304_ece1cc-86{position:relative;}@media all and (max-width: 1024px){.kadence-column2304_ece1cc-86 > .kt-inside-inner-col{flex-direction:column;justify-content:center;}}@media all and (max-width: 767px){.kadence-column2304_ece1cc-86 > .kt-inside-inner-col{flex-direction:column;justify-content:center;}}<\/style>\n<div class=\"wp-block-kadence-column kadence-column2304_ece1cc-86 inner-column-1\"><div class=\"kt-inside-inner-col\">\n<h3 class=\"wp-block-heading\"><strong>Grup Musical per a Festa Privada Tarragona: Fugados de Alcatraz per a un Esdeveniment \u00danic<\/strong><\/h3>\n\n\n\n<p>Si busques un <strong>grup musical per a festa privada Tarragona<\/strong> que animi la teva celebraci\u00f3 amb els millors \u00e8xits dels anys 80, 90 i principis del 2000, Fugados de Alcatraz \u00e9s l\u2019opci\u00f3 ideal. Som una banda de versions experta en transformar qualsevol festa en una experi\u00e8ncia inoblidable, amb m\u00e9s de 100 can\u00e7ons interpretades en dues hores d\u2019espectacle. El nostre objectiu \u00e9s fer que tu i els teus convidats gaudiu al m\u00e0xim de la m\u00fasica que m\u00e9s us agrada, transportant-vos a les d\u00e8cades que han marcat generacions.<\/p>\n\n\n\n<h3 class=\"wp-block-heading\"><strong>Els Nostres Serveis com a Grup Musical per a Festa Privada Tarragona<\/strong><\/h3>\n\n\n\n<p>Com a <strong>grup musical per a festa privada Tarragona<\/strong>, oferim un espectacle din\u00e0mic i adaptat a les prefer\u00e8ncies de cada esdeveniment. Fugados de Alcatraz posem tota la nostra experi\u00e8ncia i passi\u00f3 per crear una atmosfera de diversi\u00f3 i connexi\u00f3 amb el p\u00fablic, amb un repertori que combina \u00e8xits de m\u00fasica popular i can\u00e7ons actuals. Tant si vols un ambient animat amb temes ballables com un moment m\u00e9s \u00edntim per cantar en grup, ajustem la nostra actuaci\u00f3 perqu\u00e8 cada instant sigui especial.<\/p>\n\n\n\n<p>Cada espectacle que realitzem a Fugados de Alcatraz \u00e9s \u00fanic, ja que ens adaptem als gustos i desitjos dels nostres clients per garantir que cada festa privada sigui memorable. El nostre repertori inclou \u00e8xits d\u2019artistes ic\u00f2nics que han marcat la hist\u00f2ria de la m\u00fasica i que permeten que tothom, des dels m\u00e9s joves fins als m\u00e9s grans, es puguin unir a la festa.<\/p>\n<\/div><\/div>\n\n\n<style>.kadence-column2304_b4e3cd-44 > .kt-inside-inner-col,.kadence-column2304_b4e3cd-44 > .kt-inside-inner-col:before{border-top-left-radius:0px;border-top-right-radius:0px;border-bottom-right-radius:0px;border-bottom-left-radius:0px;}.kadence-column2304_b4e3cd-44 > .kt-inside-inner-col{column-gap:var(--global-kb-gap-sm, 1rem);}.kadence-column2304_b4e3cd-44 > .kt-inside-inner-col{flex-direction:column;}.kadence-column2304_b4e3cd-44 > .kt-inside-inner-col > .aligncenter{width:100%;}.kadence-column2304_b4e3cd-44 > .kt-inside-inner-col:before{opacity:0.3;}.kadence-column2304_b4e3cd-44{position:relative;}@media all and (max-width: 1024px){.kadence-column2304_b4e3cd-44 > .kt-inside-inner-col{flex-direction:column;justify-content:center;}}@media all and (max-width: 767px){.kadence-column2304_b4e3cd-44 > .kt-inside-inner-col{flex-direction:column;justify-content:center;}}<\/style>\n<div class=\"wp-block-kadence-column kadence-column2304_b4e3cd-44\"><div class=\"kt-inside-inner-col\">\n<figure class=\"wp-block-image size-full\"><img loading=\"lazy\" decoding=\"async\" width=\"940\" height=\"788\" src=\"https:\/\/fugadosalcatraz.com\/wp-content\/uploads\/2024\/04\/Fugados-de-Alcatraz.jpg\" alt=\"\" class=\"wp-image-1898\" srcset=\"https:\/\/fugadosalcatraz.com\/wp-content\/uploads\/2024\/04\/Fugados-de-Alcatraz.jpg 940w, https:\/\/fugadosalcatraz.com\/wp-content\/uploads\/2024\/04\/Fugados-de-Alcatraz-300x251.jpg 300w, https:\/\/fugadosalcatraz.com\/wp-content\/uploads\/2024\/04\/Fugados-de-Alcatraz-768x644.jpg 768w, https:\/\/fugadosalcatraz.com\/wp-content\/uploads\/2024\/04\/Fugados-de-Alcatraz-14x12.jpg 14w\" sizes=\"auto, (max-width: 940px) 100vw, 940px\" \/><\/figure>\n\n\n\n<h3 class=\"wp-block-heading\"><strong>Grup Musical per a Festa Privada Tarragona: Fugados de Alcatraz \u00e9s Diversi\u00f3 Assegurada<\/strong><\/h3>\n\n\n\n<p>Amb Fugados de Alcatraz, la teva festa a Tarragona tindr\u00e0 una energia especial. Som el <strong>grup musical per a festa privada Tarragona<\/strong> que no nom\u00e9s ofereix m\u00fasica, sin\u00f3 que crea records per als teus convidats. La nostra missi\u00f3 \u00e9s fer que cada festa sigui vibrant, emocionant i plena de moments compartits, amb un espectacle de versions que mantindr\u00e0 tothom en moviment.<\/p>\n\n\n\n<p>Confiar en Fugados de Alcatraz significa assegurar-te una festa plena de bona m\u00fasica, diversi\u00f3 i molta passi\u00f3. La nostra experi\u00e8ncia com a <strong>grup musical per a festa privada Tarragona<\/strong> ens permet crear un ambient que tots els assistents gaudeixen, independentment de la seva edat o prefer\u00e8ncies musicals. No deixis que la teva festa passi desapercebuda, i compta amb Fugados de Alcatraz per fer d\u2019aquest dia una experi\u00e8ncia \u00fanica i memorable.<\/p>\n<\/div><\/div>\n\n<\/div><\/div>","protected":false},"excerpt":{"rendered":"<p>grup musical per a festa privada Tarragona Grup Musical per a Festa Privada Tarragona: Fugados de Alcatraz per a un Esdeveniment \u00danic Si busques un grup musical per a festa&#8230;<\/p>","protected":false},"author":4,"featured_media":506,"parent":927,"menu_order":0,"comment_status":"closed","ping_status":"closed","template":"","meta":{"_kad_blocks_custom_css":"","_kad_blocks_head_custom_js":"","_kad_blocks_body_custom_js":"","_kad_blocks_footer_custom_js":"","_EventAllDay":false,"_EventTimezone":"","_EventStartDate":"","_EventEndDate":"","_EventStartDateUTC":"","_EventEndDateUTC":"","_EventShowMap":false,"_EventShowMapLink":false,"_EventURL":"","_EventCost":"","_EventCostDescription":"","_EventCurrencySymbol":"","_EventCurrencyCode":"","_EventCurrencyPosition":"","_EventDateTimeSeparator":"","_EventTimeRangeSeparator":"","_EventOrganizerID":[],"_EventVenueID":[],"_OrganizerEmail":"","_OrganizerPhone":"","_OrganizerWebsite":"","_VenueAddress":"","_VenueCity":"","_VenueCountry":"","_VenueProvince":"","_VenueState":"","_VenueZip":"","_VenuePhone":"","_VenueURL":"","_VenueStateProvince":"","_VenueLat":"","_VenueLng":"","_VenueShowMap":false,"_VenueShowMapLink":false,"_kad_post_transparent":"","_kad_post_title":"hide","_kad_post_layout":"fullwidth","_kad_post_sidebar_id":"","_kad_post_content_style":"unboxed","_kad_post_vertical_padding":"hide","_kad_post_feature":"hide","_kad_post_feature_position":"","_kad_post_header":false,"_kad_post_footer":false,"_kad_post_classname":"","footnotes":""},"class_list":["post-2304","page","type-page","status-publish","has-post-thumbnail","hentry"],"yoast_head":"<!-- This site is optimized with the Yoast SEO plugin v27.2 - https:\/\/yoast.com\/product\/yoast-seo-wordpress\/ -->\n<title>grup musical per a festa privada Tarragona - Grupo de versiones<\/title>\n<meta name=\"robots\" content=\"index, follow, max-snippet:-1, max-image-preview:large, max-video-preview:-1\" \/>\n<link rel=\"canonical\" href=\"https:\/\/fugadosalcatraz.com\/es\/contractacions\/grup-versions-festa-major\/grup-musical-per-a-festa-privada-tarragona\/\" \/>\n<meta property=\"og:locale\" content=\"es_ES\" \/>\n<meta property=\"og:type\" content=\"article\" \/>\n<meta property=\"og:title\" content=\"grup musical per a festa privada Tarragona - Grupo de versiones\" \/>\n<meta property=\"og:description\" content=\"grup musical per a festa privada Tarragona Grup Musical per a Festa Privada Tarragona: Fugados de Alcatraz per a un Esdeveniment \u00danic Si busques un grup musical per a festa...\" \/>\n<meta property=\"og:url\" content=\"https:\/\/fugadosalcatraz.com\/es\/contractacions\/grup-versions-festa-major\/grup-musical-per-a-festa-privada-tarragona\/\" \/>\n<meta property=\"og:site_name\" content=\"Grupo de versiones\" \/>\n<meta property=\"article:modified_time\" content=\"2024-10-29T08:24:50+00:00\" \/>\n<meta property=\"og:image\" content=\"https:\/\/fugadosalcatraz.com\/wp-content\/uploads\/2022\/05\/Registration-1.jpeg\" \/>\n\t<meta property=\"og:image:width\" content=\"1600\" \/>\n\t<meta property=\"og:image:height\" content=\"2083\" \/>\n\t<meta property=\"og:image:type\" content=\"image\/jpeg\" \/>\n<meta name=\"twitter:card\" content=\"summary_large_image\" \/>\n<meta name=\"twitter:label1\" content=\"Tiempo de lectura\" \/>\n\t<meta name=\"twitter:data1\" content=\"3 minutos\" \/>\n<script type=\"application\/ld+json\" class=\"yoast-schema-graph\">{\"@context\":\"https:\/\/schema.org\",\"@graph\":[{\"@type\":\"WebPage\",\"@id\":\"https:\/\/fugadosalcatraz.com\/contractacions\/grup-versions-festa-major\/grup-musical-per-a-festa-privada-tarragona\/\",\"url\":\"https:\/\/fugadosalcatraz.com\/contractacions\/grup-versions-festa-major\/grup-musical-per-a-festa-privada-tarragona\/\",\"name\":\"grup musical per a festa privada Tarragona - Grupo de versiones\",\"isPartOf\":{\"@id\":\"https:\/\/fugadosalcatraz.com\/#website\"},\"primaryImageOfPage\":{\"@id\":\"https:\/\/fugadosalcatraz.com\/contractacions\/grup-versions-festa-major\/grup-musical-per-a-festa-privada-tarragona\/#primaryimage\"},\"image\":{\"@id\":\"https:\/\/fugadosalcatraz.com\/contractacions\/grup-versions-festa-major\/grup-musical-per-a-festa-privada-tarragona\/#primaryimage\"},\"thumbnailUrl\":\"https:\/\/fugadosalcatraz.com\/wp-content\/uploads\/2022\/05\/Registration-1.jpeg\",\"datePublished\":\"2024-10-29T08:24:49+00:00\",\"dateModified\":\"2024-10-29T08:24:50+00:00\",\"breadcrumb\":{\"@id\":\"https:\/\/fugadosalcatraz.com\/contractacions\/grup-versions-festa-major\/grup-musical-per-a-festa-privada-tarragona\/#breadcrumb\"},\"inLanguage\":\"es\",\"potentialAction\":[{\"@type\":\"ReadAction\",\"target\":[\"https:\/\/fugadosalcatraz.com\/contractacions\/grup-versions-festa-major\/grup-musical-per-a-festa-privada-tarragona\/\"]}]},{\"@type\":\"ImageObject\",\"inLanguage\":\"es\",\"@id\":\"https:\/\/fugadosalcatraz.com\/contractacions\/grup-versions-festa-major\/grup-musical-per-a-festa-privada-tarragona\/#primaryimage\",\"url\":\"https:\/\/fugadosalcatraz.com\/wp-content\/uploads\/2022\/05\/Registration-1.jpeg\",\"contentUrl\":\"https:\/\/fugadosalcatraz.com\/wp-content\/uploads\/2022\/05\/Registration-1.jpeg\",\"width\":1600,\"height\":2083},{\"@type\":\"BreadcrumbList\",\"@id\":\"https:\/\/fugadosalcatraz.com\/contractacions\/grup-versions-festa-major\/grup-musical-per-a-festa-privada-tarragona\/#breadcrumb\",\"itemListElement\":[{\"@type\":\"ListItem\",\"position\":1,\"name\":\"Inici\",\"item\":\"https:\/\/fugadosalcatraz.com\/\"},{\"@type\":\"ListItem\",\"position\":2,\"name\":\"Contractacions\",\"item\":\"https:\/\/fugadosalcatraz.com\/contractacions\/\"},{\"@type\":\"ListItem\",\"position\":3,\"name\":\"Grup versions festa major\",\"item\":\"https:\/\/fugadosalcatraz.com\/contractacions\/grup-versions-festa-major\/\"},{\"@type\":\"ListItem\",\"position\":4,\"name\":\"grup musical per a festa privada Tarragona\"}]},{\"@type\":\"WebSite\",\"@id\":\"https:\/\/fugadosalcatraz.com\/#website\",\"url\":\"https:\/\/fugadosalcatraz.com\/\",\"name\":\"Grupo de versiones\",\"description\":\"Fugados de Alcatraz\",\"publisher\":{\"@id\":\"https:\/\/fugadosalcatraz.com\/#organization\"},\"potentialAction\":[{\"@type\":\"SearchAction\",\"target\":{\"@type\":\"EntryPoint\",\"urlTemplate\":\"https:\/\/fugadosalcatraz.com\/?s={search_term_string}\"},\"query-input\":{\"@type\":\"PropertyValueSpecification\",\"valueRequired\":true,\"valueName\":\"search_term_string\"}}],\"inLanguage\":\"es\"},{\"@type\":\"Organization\",\"@id\":\"https:\/\/fugadosalcatraz.com\/#organization\",\"name\":\"Grupo de versiones\",\"url\":\"https:\/\/fugadosalcatraz.com\/\",\"logo\":{\"@type\":\"ImageObject\",\"inLanguage\":\"es\",\"@id\":\"https:\/\/fugadosalcatraz.com\/#\/schema\/logo\/image\/\",\"url\":\"https:\/\/fugadosalcatraz.com\/wp-content\/uploads\/2024\/01\/FUGADOS-logo.png\",\"contentUrl\":\"https:\/\/fugadosalcatraz.com\/wp-content\/uploads\/2024\/01\/FUGADOS-logo.png\",\"width\":1200,\"height\":466,\"caption\":\"Grupo de versiones\"},\"image\":{\"@id\":\"https:\/\/fugadosalcatraz.com\/#\/schema\/logo\/image\/\"}}]}<\/script>\n<!-- \/ Yoast SEO plugin. -->","yoast_head_json":{"title":"grup musical per a festa privada Tarragona - Grupo de versiones","robots":{"index":"index","follow":"follow","max-snippet":"max-snippet:-1","max-image-preview":"max-image-preview:large","max-video-preview":"max-video-preview:-1"},"canonical":"https:\/\/fugadosalcatraz.com\/es\/contractacions\/grup-versions-festa-major\/grup-musical-per-a-festa-privada-tarragona\/","og_locale":"es_ES","og_type":"article","og_title":"grup musical per a festa privada Tarragona - Grupo de versiones","og_description":"grup musical per a festa privada Tarragona Grup Musical per a Festa Privada Tarragona: Fugados de Alcatraz per a un Esdeveniment \u00danic Si busques un grup musical per a festa...","og_url":"https:\/\/fugadosalcatraz.com\/es\/contractacions\/grup-versions-festa-major\/grup-musical-per-a-festa-privada-tarragona\/","og_site_name":"Grupo de versiones","article_modified_time":"2024-10-29T08:24:50+00:00","og_image":[{"width":1600,"height":2083,"url":"https:\/\/fugadosalcatraz.com\/wp-content\/uploads\/2022\/05\/Registration-1.jpeg","type":"image\/jpeg"}],"twitter_card":"summary_large_image","twitter_misc":{"Tiempo de lectura":"3 minutos"},"schema":{"@context":"https:\/\/schema.org","@graph":[{"@type":"WebPage","@id":"https:\/\/fugadosalcatraz.com\/contractacions\/grup-versions-festa-major\/grup-musical-per-a-festa-privada-tarragona\/","url":"https:\/\/fugadosalcatraz.com\/contractacions\/grup-versions-festa-major\/grup-musical-per-a-festa-privada-tarragona\/","name":"grup musical per a festa privada Tarragona - Grupo de versiones","isPartOf":{"@id":"https:\/\/fugadosalcatraz.com\/#website"},"primaryImageOfPage":{"@id":"https:\/\/fugadosalcatraz.com\/contractacions\/grup-versions-festa-major\/grup-musical-per-a-festa-privada-tarragona\/#primaryimage"},"image":{"@id":"https:\/\/fugadosalcatraz.com\/contractacions\/grup-versions-festa-major\/grup-musical-per-a-festa-privada-tarragona\/#primaryimage"},"thumbnailUrl":"https:\/\/fugadosalcatraz.com\/wp-content\/uploads\/2022\/05\/Registration-1.jpeg","datePublished":"2024-10-29T08:24:49+00:00","dateModified":"2024-10-29T08:24:50+00:00","breadcrumb":{"@id":"https:\/\/fugadosalcatraz.com\/contractacions\/grup-versions-festa-major\/grup-musical-per-a-festa-privada-tarragona\/#breadcrumb"},"inLanguage":"es","potentialAction":[{"@type":"ReadAction","target":["https:\/\/fugadosalcatraz.com\/contractacions\/grup-versions-festa-major\/grup-musical-per-a-festa-privada-tarragona\/"]}]},{"@type":"ImageObject","inLanguage":"es","@id":"https:\/\/fugadosalcatraz.com\/contractacions\/grup-versions-festa-major\/grup-musical-per-a-festa-privada-tarragona\/#primaryimage","url":"https:\/\/fugadosalcatraz.com\/wp-content\/uploads\/2022\/05\/Registration-1.jpeg","contentUrl":"https:\/\/fugadosalcatraz.com\/wp-content\/uploads\/2022\/05\/Registration-1.jpeg","width":1600,"height":2083},{"@type":"BreadcrumbList","@id":"https:\/\/fugadosalcatraz.com\/contractacions\/grup-versions-festa-major\/grup-musical-per-a-festa-privada-tarragona\/#breadcrumb","itemListElement":[{"@type":"ListItem","position":1,"name":"Inici","item":"https:\/\/fugadosalcatraz.com\/"},{"@type":"ListItem","position":2,"name":"Contractacions","item":"https:\/\/fugadosalcatraz.com\/contractacions\/"},{"@type":"ListItem","position":3,"name":"Grup versions festa major","item":"https:\/\/fugadosalcatraz.com\/contractacions\/grup-versions-festa-major\/"},{"@type":"ListItem","position":4,"name":"grup musical per a festa privada Tarragona"}]},{"@type":"WebSite","@id":"https:\/\/fugadosalcatraz.com\/#website","url":"https:\/\/fugadosalcatraz.com\/","name":"Grupo de versiones","description":"Fugados de Alcatraz","publisher":{"@id":"https:\/\/fugadosalcatraz.com\/#organization"},"potentialAction":[{"@type":"SearchAction","target":{"@type":"EntryPoint","urlTemplate":"https:\/\/fugadosalcatraz.com\/?s={search_term_string}"},"query-input":{"@type":"PropertyValueSpecification","valueRequired":true,"valueName":"search_term_string"}}],"inLanguage":"es"},{"@type":"Organization","@id":"https:\/\/fugadosalcatraz.com\/#organization","name":"Grupo de versiones","url":"https:\/\/fugadosalcatraz.com\/","logo":{"@type":"ImageObject","inLanguage":"es","@id":"https:\/\/fugadosalcatraz.com\/#\/schema\/logo\/image\/","url":"https:\/\/fugadosalcatraz.com\/wp-content\/uploads\/2024\/01\/FUGADOS-logo.png","contentUrl":"https:\/\/fugadosalcatraz.com\/wp-content\/uploads\/2024\/01\/FUGADOS-logo.png","width":1200,"height":466,"caption":"Grupo de versiones"},"image":{"@id":"https:\/\/fugadosalcatraz.com\/#\/schema\/logo\/image\/"}}]}},"taxonomy_info":[],"featured_image_src_large":["https:\/\/fugadosalcatraz.com\/wp-content\/uploads\/2022\/05\/Registration-1-787x1024.jpeg",787,1024,true],"author_info":{"display_name":"Patri","author_link":"https:\/\/fugadosalcatraz.com\/es\/author\/patri\/"},"comment_info":0,"_links":{"self":[{"href":"https:\/\/fugadosalcatraz.com\/es\/wp-json\/wp\/v2\/pages\/2304","targetHints":{"allow":["GET"]}}],"collection":[{"href":"https:\/\/fugadosalcatraz.com\/es\/wp-json\/wp\/v2\/pages"}],"about":[{"href":"https:\/\/fugadosalcatraz.com\/es\/wp-json\/wp\/v2\/types\/page"}],"author":[{"embeddable":true,"href":"https:\/\/fugadosalcatraz.com\/es\/wp-json\/wp\/v2\/users\/4"}],"replies":[{"embeddable":true,"href":"https:\/\/fugadosalcatraz.com\/es\/wp-json\/wp\/v2\/comments?post=2304"}],"version-history":[{"count":1,"href":"https:\/\/fugadosalcatraz.com\/es\/wp-json\/wp\/v2\/pages\/2304\/revisions"}],"predecessor-version":[{"id":2305,"href":"https:\/\/fugadosalcatraz.com\/es\/wp-json\/wp\/v2\/pages\/2304\/revisions\/2305"}],"up":[{"embeddable":true,"href":"https:\/\/fugadosalcatraz.com\/es\/wp-json\/wp\/v2\/pages\/927"}],"wp:featuredmedia":[{"embeddable":true,"href":"https:\/\/fugadosalcatraz.com\/es\/wp-json\/wp\/v2\/media\/506"}],"wp:attachment":[{"href":"https:\/\/fugadosalcatraz.com\/es\/wp-json\/wp\/v2\/media?parent=2304"}],"curies":[{"name":"wp","href":"https:\/\/api.w.org\/{rel}","templated":true}]}}