{"id":2300,"date":"2024-10-29T09:14:44","date_gmt":"2024-10-29T08:14:44","guid":{"rendered":"https:\/\/fugadosalcatraz.com\/?page_id=2300"},"modified":"2024-10-29T09:14:45","modified_gmt":"2024-10-29T08:14:45","slug":"grup-musical-per-a-festa-privada-a-lleida","status":"publish","type":"page","link":"https:\/\/fugadosalcatraz.com\/es\/contractacions\/grup-versions-festa-major\/grup-musical-per-a-festa-privada-a-lleida\/","title":{"rendered":"Grup musical per a festa privada Lleida"},"content":{"rendered":"<style>.kb-row-layout-id2300_31d18a-99 > .kt-row-column-wrap{align-content:start;}:where(.kb-row-layout-id2300_31d18a-99 > .kt-row-column-wrap) > .wp-block-kadence-column{justify-content:start;}.kb-row-layout-id2300_31d18a-99 > .kt-row-column-wrap{column-gap:var(--global-kb-gap-md, 2rem);row-gap:var(--global-kb-gap-md, 2rem);max-width:var( --global-content-width, 1290px );padding-left:var(--global-content-edge-padding);padding-right:var(--global-content-edge-padding);padding-top:200px;padding-bottom:90px;grid-template-columns:minmax(0, 1fr);}.kb-row-layout-id2300_31d18a-99 > .kt-row-layout-overlay{opacity:0.56;background:radial-gradient(ellipse at right top, #e539fd 0%, var(--global-palette3) 92%);mix-blend-mode:multiply;}@media all and (max-width: 1024px){.kb-row-layout-id2300_31d18a-99 > .kt-row-column-wrap{grid-template-columns:minmax(0, 1fr);}}@media all and (max-width: 767px){.kb-row-layout-id2300_31d18a-99 > .kt-row-column-wrap{padding-top:var(--global-kb-spacing-4xl, 8rem);grid-template-columns:minmax(0, 1fr);}}<\/style><div class=\"kb-row-layout-wrap kb-row-layout-id2300_31d18a-99 alignnone has-theme-palette3-background-color kt-row-has-bg wp-block-kadence-rowlayout\"><div class=\"kt-row-layout-overlay kt-row-overlay-gradient\"><\/div><div class=\"kt-row-column-wrap kt-has-1-columns kt-row-layout-equal kt-tab-layout-inherit kt-mobile-layout-row kt-row-valign-top kb-theme-content-width\">\n<style>.kadence-column2300_f43834-ef > .kt-inside-inner-col,.kadence-column2300_f43834-ef > .kt-inside-inner-col:before{border-top-left-radius:0px;border-top-right-radius:0px;border-bottom-right-radius:0px;border-bottom-left-radius:0px;}.kadence-column2300_f43834-ef > .kt-inside-inner-col{column-gap:var(--global-kb-gap-sm, 1rem);}.kadence-column2300_f43834-ef > .kt-inside-inner-col{flex-direction:column;}.kadence-column2300_f43834-ef > .kt-inside-inner-col > .aligncenter{width:100%;}.kadence-column2300_f43834-ef > .kt-inside-inner-col:before{opacity:0.3;}.kadence-column2300_f43834-ef{position:relative;}@media all and (max-width: 1024px){.kadence-column2300_f43834-ef > .kt-inside-inner-col{flex-direction:column;justify-content:center;}}@media all and (max-width: 767px){.kadence-column2300_f43834-ef > .kt-inside-inner-col{flex-direction:column;justify-content:center;}}<\/style>\n<div class=\"wp-block-kadence-column kadence-column2300_f43834-ef inner-column-1\"><div class=\"kt-inside-inner-col\"><style>.wp-block-kadence-advancedheading.kt-adv-heading2300_6d035b-71, .wp-block-kadence-advancedheading.kt-adv-heading2300_6d035b-71[data-kb-block=\"kb-adv-heading2300_6d035b-71\"]{margin-top:0px;text-align:center;font-style:normal;}.wp-block-kadence-advancedheading.kt-adv-heading2300_6d035b-71 mark.kt-highlight, .wp-block-kadence-advancedheading.kt-adv-heading2300_6d035b-71[data-kb-block=\"kb-adv-heading2300_6d035b-71\"] mark.kt-highlight{font-style:normal;color:#f76a0c;-webkit-box-decoration-break:clone;box-decoration-break:clone;padding-top:0px;padding-right:0px;padding-bottom:0px;padding-left:0px;}.wp-block-kadence-advancedheading.kt-adv-heading2300_6d035b-71 img.kb-inline-image, .wp-block-kadence-advancedheading.kt-adv-heading2300_6d035b-71[data-kb-block=\"kb-adv-heading2300_6d035b-71\"] img.kb-inline-image{width:150px;vertical-align:baseline;}@media all and (max-width: 1024px){.wp-block-kadence-advancedheading.kt-adv-heading2300_6d035b-71, .wp-block-kadence-advancedheading.kt-adv-heading2300_6d035b-71[data-kb-block=\"kb-adv-heading2300_6d035b-71\"]{font-size:60px;}}@media all and (max-width: 767px){.wp-block-kadence-advancedheading.kt-adv-heading2300_6d035b-71, .wp-block-kadence-advancedheading.kt-adv-heading2300_6d035b-71[data-kb-block=\"kb-adv-heading2300_6d035b-71\"]{font-size:26px;}}<\/style>\n<h1 class=\"kt-adv-heading2300_6d035b-71 wp-block-kadence-advancedheading has-theme-palette-9-color has-text-color\" data-kb-block=\"kb-adv-heading2300_6d035b-71\">Grup musical per a festa privada Lleida<\/h1>\n\n\n<style>.wp-block-kadence-advancedheading.kt-adv-heading2300_de1a8d-e1, .wp-block-kadence-advancedheading.kt-adv-heading2300_de1a8d-e1[data-kb-block=\"kb-adv-heading2300_de1a8d-e1\"]{text-align:center;font-style:normal;}.wp-block-kadence-advancedheading.kt-adv-heading2300_de1a8d-e1 mark.kt-highlight, .wp-block-kadence-advancedheading.kt-adv-heading2300_de1a8d-e1[data-kb-block=\"kb-adv-heading2300_de1a8d-e1\"] mark.kt-highlight{font-style:normal;color:#f76a0c;-webkit-box-decoration-break:clone;box-decoration-break:clone;padding-top:0px;padding-right:0px;padding-bottom:0px;padding-left:0px;}.wp-block-kadence-advancedheading.kt-adv-heading2300_de1a8d-e1 img.kb-inline-image, .wp-block-kadence-advancedheading.kt-adv-heading2300_de1a8d-e1[data-kb-block=\"kb-adv-heading2300_de1a8d-e1\"] img.kb-inline-image{width:150px;vertical-align:baseline;}<\/style>\n<p class=\"kt-adv-heading2300_de1a8d-e1 wp-block-kadence-advancedheading has-theme-palette-9-color has-text-color\" data-kb-block=\"kb-adv-heading2300_de1a8d-e1\"><a href=\"https:\/\/startertemplatecloud.com\/e18\/#\"><\/a><\/p>\n<\/div><\/div>\n\n<\/div><\/div>\n\n<style>.kb-row-layout-id2300_042cd2-92 > .kt-row-column-wrap{align-content:start;}:where(.kb-row-layout-id2300_042cd2-92 > .kt-row-column-wrap) > .wp-block-kadence-column{justify-content:start;}.kb-row-layout-id2300_042cd2-92 > .kt-row-column-wrap{column-gap:var(--global-kb-gap-lg, 4rem);row-gap:var(--global-kb-gap-md, 2rem);max-width:var( --global-content-width, 1290px );padding-left:var(--global-content-edge-padding);padding-right:var(--global-content-edge-padding);padding-top:80px;padding-bottom:80px;grid-template-columns:repeat(2, minmax(0, 1fr));}.kb-row-layout-id2300_042cd2-92 > .kt-row-layout-overlay{opacity:0.30;}@media all and (max-width: 1024px){.kb-row-layout-id2300_042cd2-92 > .kt-row-column-wrap{grid-template-columns:repeat(2, minmax(0, 1fr));}}@media all and (max-width: 767px){.kb-row-layout-id2300_042cd2-92 > .kt-row-column-wrap{grid-template-columns:minmax(0, 1fr);}}<\/style><div class=\"kb-row-layout-wrap kb-row-layout-id2300_042cd2-92 alignnone wp-block-kadence-rowlayout\"><div class=\"kt-row-column-wrap kt-has-2-columns kt-row-layout-equal kt-tab-layout-inherit kt-mobile-layout-row kt-row-valign-top kb-theme-content-width\">\n<style>.kadence-column2300_e8edc1-2c > .kt-inside-inner-col,.kadence-column2300_e8edc1-2c > .kt-inside-inner-col:before{border-top-left-radius:0px;border-top-right-radius:0px;border-bottom-right-radius:0px;border-bottom-left-radius:0px;}.kadence-column2300_e8edc1-2c > .kt-inside-inner-col{column-gap:var(--global-kb-gap-sm, 1rem);}.kadence-column2300_e8edc1-2c > .kt-inside-inner-col{flex-direction:column;}.kadence-column2300_e8edc1-2c > .kt-inside-inner-col > .aligncenter{width:100%;}.kadence-column2300_e8edc1-2c > .kt-inside-inner-col:before{opacity:0.3;}.kadence-column2300_e8edc1-2c{position:relative;}@media all and (max-width: 1024px){.kadence-column2300_e8edc1-2c > .kt-inside-inner-col{flex-direction:column;justify-content:center;}}@media all and (max-width: 767px){.kadence-column2300_e8edc1-2c > .kt-inside-inner-col{flex-direction:column;justify-content:center;}}<\/style>\n<div class=\"wp-block-kadence-column kadence-column2300_e8edc1-2c inner-column-1\"><div class=\"kt-inside-inner-col\">\n<h3 class=\"wp-block-heading\"><strong>Grup Musical per a Festa Privada a Lleida: Fugados de Alcatraz, la Millor M\u00fasica en Directe<\/strong><\/h3>\n\n\n\n<p>A Fugados de Alcatraz, oferim una experi\u00e8ncia \u00fanica per a qualsevol celebraci\u00f3 amb el nostre <strong>grup musical per a festa privada a Lleida<\/strong>. Som un grup de versions especialitzat en els millors \u00e8xits dels 80, 90 i 2000, amb un repertori divers que inclou m\u00e9s de 100 temes en nom\u00e9s dues hores d\u2019espectacle. Si busques m\u00fasica en directe per omplir d\u2019energia i emoci\u00f3 la teva festa, som la banda perfecta per a transformar la teva celebraci\u00f3 en un esdeveniment inoblidable.<\/p>\n\n\n\n<h3 class=\"wp-block-heading\"><strong>Un Grup Musical per a Festa Privada a Lleida amb Repertori per a Tots els Gustos<\/strong><\/h3>\n\n\n\n<p>El nostre objectiu \u00e9s fer reviure els millors moments musicals de les d\u00e8cades passades. Fugados de Alcatraz est\u00e0 format per m\u00fasics apassionats que s\u2019entreguen al m\u00e0xim en cada actuaci\u00f3. No importa quin sigui l\u2019estil musical dels teus convidats, tenim un repertori variat que abasta els hits de diverses \u00e8poques i estils, amb can\u00e7ons ic\u00f2niques que tots recordem. Amb el nostre <strong>grup musical per a festa privada a Lleida<\/strong>, els teus convidats podran ballar, cantar i gaudir d\u2019un viatge per les can\u00e7ons que han marcat generacions.<\/p>\n<\/div><\/div>\n\n\n<style>.kadence-column2300_259a0d-db > .kt-inside-inner-col,.kadence-column2300_259a0d-db > .kt-inside-inner-col:before{border-top-left-radius:0px;border-top-right-radius:0px;border-bottom-right-radius:0px;border-bottom-left-radius:0px;}.kadence-column2300_259a0d-db > .kt-inside-inner-col{column-gap:var(--global-kb-gap-sm, 1rem);}.kadence-column2300_259a0d-db > .kt-inside-inner-col{flex-direction:column;}.kadence-column2300_259a0d-db > .kt-inside-inner-col > .aligncenter{width:100%;}.kadence-column2300_259a0d-db > .kt-inside-inner-col:before{opacity:0.3;}.kadence-column2300_259a0d-db{position:relative;}@media all and (max-width: 1024px){.kadence-column2300_259a0d-db > .kt-inside-inner-col{flex-direction:column;justify-content:center;}}@media all and (max-width: 767px){.kadence-column2300_259a0d-db > .kt-inside-inner-col{flex-direction:column;justify-content:center;}}<\/style>\n<div class=\"wp-block-kadence-column kadence-column2300_259a0d-db\"><div class=\"kt-inside-inner-col\">\n<figure class=\"wp-block-image size-full\"><img loading=\"lazy\" decoding=\"async\" width=\"940\" height=\"788\" src=\"https:\/\/fugadosalcatraz.com\/wp-content\/uploads\/2024\/04\/Fugados-de-Alcatraz.jpg\" alt=\"\" class=\"wp-image-1898\" srcset=\"https:\/\/fugadosalcatraz.com\/wp-content\/uploads\/2024\/04\/Fugados-de-Alcatraz.jpg 940w, https:\/\/fugadosalcatraz.com\/wp-content\/uploads\/2024\/04\/Fugados-de-Alcatraz-300x251.jpg 300w, https:\/\/fugadosalcatraz.com\/wp-content\/uploads\/2024\/04\/Fugados-de-Alcatraz-768x644.jpg 768w, https:\/\/fugadosalcatraz.com\/wp-content\/uploads\/2024\/04\/Fugados-de-Alcatraz-14x12.jpg 14w\" sizes=\"auto, (max-width: 940px) 100vw, 940px\" \/><\/figure>\n\n\n\n<h3 class=\"wp-block-heading\"><strong>Fugados de Alcatraz: el Grup Musical Ideal per a Qualsevol Festa Privada a Lleida<\/strong><\/h3>\n\n\n\n<p>El nostre <strong>grup musical per a festa privada a Lleida<\/strong> \u00e9s ideal per a qualsevol tipus de celebraci\u00f3: des de festes privades, casaments, festes corporatives i m\u00e9s. Els nostres xous es dissenyen per a adaptar-se a les necessitats de cada esdeveniment, garantint aix\u00ed una experi\u00e8ncia personalitzada. Fugados de Alcatraz combina passi\u00f3, professionalitat i una gran varietat de m\u00fasica que s\u2019ajusta a totes les edats i gustos.<\/p>\n\n\n\n<p>A Fugados de Alcatraz volem portar el millor de la m\u00fasica en directe a la teva festa. Amb una actuaci\u00f3 vibrant i din\u00e0mica, oferim molt m\u00e9s que una simple sessi\u00f3 de m\u00fasica: \u00e9s un espectacle carregat d\u2019energia que convertir\u00e0 la teva festa en una experi\u00e8ncia memorable i plena d\u2019emocions. Si busques un <strong>grup musical per a festa privada a Lleida<\/strong> que ofereixi qualitat, diversi\u00f3 i professionalitat, contacta amb nosaltres per fer de la teva celebraci\u00f3 un \u00e8xit assegurat.<\/p>\n<\/div><\/div>\n\n<\/div><\/div>\n\n\n<p><\/p>\n","protected":false},"excerpt":{"rendered":"<p>Grup musical per a festa privada Lleida Grup Musical per a Festa Privada a Lleida: Fugados de Alcatraz, la Millor M\u00fasica en Directe A Fugados de Alcatraz, oferim una experi\u00e8ncia&#8230;<\/p>","protected":false},"author":4,"featured_media":506,"parent":927,"menu_order":0,"comment_status":"closed","ping_status":"closed","template":"","meta":{"_kad_blocks_custom_css":"","_kad_blocks_head_custom_js":"","_kad_blocks_body_custom_js":"","_kad_blocks_footer_custom_js":"","_EventAllDay":false,"_EventTimezone":"","_EventStartDate":"","_EventEndDate":"","_EventStartDateUTC":"","_EventEndDateUTC":"","_EventShowMap":false,"_EventShowMapLink":false,"_EventURL":"","_EventCost":"","_EventCostDescription":"","_EventCurrencySymbol":"","_EventCurrencyCode":"","_EventCurrencyPosition":"","_EventDateTimeSeparator":"","_EventTimeRangeSeparator":"","_EventOrganizerID":[],"_EventVenueID":[],"_OrganizerEmail":"","_OrganizerPhone":"","_OrganizerWebsite":"","_VenueAddress":"","_VenueCity":"","_VenueCountry":"","_VenueProvince":"","_VenueState":"","_VenueZip":"","_VenuePhone":"","_VenueURL":"","_VenueStateProvince":"","_VenueLat":"","_VenueLng":"","_VenueShowMap":false,"_VenueShowMapLink":false,"_kad_post_transparent":"","_kad_post_title":"hide","_kad_post_layout":"fullwidth","_kad_post_sidebar_id":"","_kad_post_content_style":"unboxed","_kad_post_vertical_padding":"hide","_kad_post_feature":"hide","_kad_post_feature_position":"","_kad_post_header":false,"_kad_post_footer":false,"_kad_post_classname":"","footnotes":""},"class_list":["post-2300","page","type-page","status-publish","has-post-thumbnail","hentry"],"yoast_head":"<!-- This site is optimized with the Yoast SEO plugin v27.2 - https:\/\/yoast.com\/product\/yoast-seo-wordpress\/ -->\n<title>Grup musical per a festa privada Lleida - Grupo de versiones<\/title>\n<meta name=\"robots\" content=\"index, follow, max-snippet:-1, max-image-preview:large, max-video-preview:-1\" \/>\n<link rel=\"canonical\" href=\"https:\/\/fugadosalcatraz.com\/es\/contractacions\/grup-versions-festa-major\/grup-musical-per-a-festa-privada-a-lleida\/\" \/>\n<meta property=\"og:locale\" content=\"es_ES\" \/>\n<meta property=\"og:type\" content=\"article\" \/>\n<meta property=\"og:title\" content=\"Grup musical per a festa privada Lleida - Grupo de versiones\" \/>\n<meta property=\"og:description\" content=\"Grup musical per a festa privada Lleida Grup Musical per a Festa Privada a Lleida: Fugados de Alcatraz, la Millor M\u00fasica en Directe A Fugados de Alcatraz, oferim una experi\u00e8ncia...\" \/>\n<meta property=\"og:url\" content=\"https:\/\/fugadosalcatraz.com\/es\/contractacions\/grup-versions-festa-major\/grup-musical-per-a-festa-privada-a-lleida\/\" \/>\n<meta property=\"og:site_name\" content=\"Grupo de versiones\" \/>\n<meta property=\"article:modified_time\" content=\"2024-10-29T08:14:45+00:00\" \/>\n<meta property=\"og:image\" content=\"https:\/\/fugadosalcatraz.com\/wp-content\/uploads\/2022\/05\/Registration-1.jpeg\" \/>\n\t<meta property=\"og:image:width\" content=\"1600\" \/>\n\t<meta property=\"og:image:height\" content=\"2083\" \/>\n\t<meta property=\"og:image:type\" content=\"image\/jpeg\" \/>\n<meta name=\"twitter:card\" content=\"summary_large_image\" \/>\n<meta name=\"twitter:label1\" content=\"Tiempo de lectura\" \/>\n\t<meta name=\"twitter:data1\" content=\"3 minutos\" \/>\n<script type=\"application\/ld+json\" class=\"yoast-schema-graph\">{\"@context\":\"https:\/\/schema.org\",\"@graph\":[{\"@type\":\"WebPage\",\"@id\":\"https:\/\/fugadosalcatraz.com\/contractacions\/grup-versions-festa-major\/grup-musical-per-a-festa-privada-a-lleida\/\",\"url\":\"https:\/\/fugadosalcatraz.com\/contractacions\/grup-versions-festa-major\/grup-musical-per-a-festa-privada-a-lleida\/\",\"name\":\"Grup musical per a festa privada Lleida - Grupo de versiones\",\"isPartOf\":{\"@id\":\"https:\/\/fugadosalcatraz.com\/#website\"},\"primaryImageOfPage\":{\"@id\":\"https:\/\/fugadosalcatraz.com\/contractacions\/grup-versions-festa-major\/grup-musical-per-a-festa-privada-a-lleida\/#primaryimage\"},\"image\":{\"@id\":\"https:\/\/fugadosalcatraz.com\/contractacions\/grup-versions-festa-major\/grup-musical-per-a-festa-privada-a-lleida\/#primaryimage\"},\"thumbnailUrl\":\"https:\/\/fugadosalcatraz.com\/wp-content\/uploads\/2022\/05\/Registration-1.jpeg\",\"datePublished\":\"2024-10-29T08:14:44+00:00\",\"dateModified\":\"2024-10-29T08:14:45+00:00\",\"breadcrumb\":{\"@id\":\"https:\/\/fugadosalcatraz.com\/contractacions\/grup-versions-festa-major\/grup-musical-per-a-festa-privada-a-lleida\/#breadcrumb\"},\"inLanguage\":\"es\",\"potentialAction\":[{\"@type\":\"ReadAction\",\"target\":[\"https:\/\/fugadosalcatraz.com\/contractacions\/grup-versions-festa-major\/grup-musical-per-a-festa-privada-a-lleida\/\"]}]},{\"@type\":\"ImageObject\",\"inLanguage\":\"es\",\"@id\":\"https:\/\/fugadosalcatraz.com\/contractacions\/grup-versions-festa-major\/grup-musical-per-a-festa-privada-a-lleida\/#primaryimage\",\"url\":\"https:\/\/fugadosalcatraz.com\/wp-content\/uploads\/2022\/05\/Registration-1.jpeg\",\"contentUrl\":\"https:\/\/fugadosalcatraz.com\/wp-content\/uploads\/2022\/05\/Registration-1.jpeg\",\"width\":1600,\"height\":2083},{\"@type\":\"BreadcrumbList\",\"@id\":\"https:\/\/fugadosalcatraz.com\/contractacions\/grup-versions-festa-major\/grup-musical-per-a-festa-privada-a-lleida\/#breadcrumb\",\"itemListElement\":[{\"@type\":\"ListItem\",\"position\":1,\"name\":\"Inici\",\"item\":\"https:\/\/fugadosalcatraz.com\/\"},{\"@type\":\"ListItem\",\"position\":2,\"name\":\"Contractacions\",\"item\":\"https:\/\/fugadosalcatraz.com\/contractacions\/\"},{\"@type\":\"ListItem\",\"position\":3,\"name\":\"Grup versions festa major\",\"item\":\"https:\/\/fugadosalcatraz.com\/contractacions\/grup-versions-festa-major\/\"},{\"@type\":\"ListItem\",\"position\":4,\"name\":\"Grup musical per a festa privada Lleida\"}]},{\"@type\":\"WebSite\",\"@id\":\"https:\/\/fugadosalcatraz.com\/#website\",\"url\":\"https:\/\/fugadosalcatraz.com\/\",\"name\":\"Grupo de versiones\",\"description\":\"Fugados de Alcatraz\",\"publisher\":{\"@id\":\"https:\/\/fugadosalcatraz.com\/#organization\"},\"potentialAction\":[{\"@type\":\"SearchAction\",\"target\":{\"@type\":\"EntryPoint\",\"urlTemplate\":\"https:\/\/fugadosalcatraz.com\/?s={search_term_string}\"},\"query-input\":{\"@type\":\"PropertyValueSpecification\",\"valueRequired\":true,\"valueName\":\"search_term_string\"}}],\"inLanguage\":\"es\"},{\"@type\":\"Organization\",\"@id\":\"https:\/\/fugadosalcatraz.com\/#organization\",\"name\":\"Grupo de versiones\",\"url\":\"https:\/\/fugadosalcatraz.com\/\",\"logo\":{\"@type\":\"ImageObject\",\"inLanguage\":\"es\",\"@id\":\"https:\/\/fugadosalcatraz.com\/#\/schema\/logo\/image\/\",\"url\":\"https:\/\/fugadosalcatraz.com\/wp-content\/uploads\/2024\/01\/FUGADOS-logo.png\",\"contentUrl\":\"https:\/\/fugadosalcatraz.com\/wp-content\/uploads\/2024\/01\/FUGADOS-logo.png\",\"width\":1200,\"height\":466,\"caption\":\"Grupo de versiones\"},\"image\":{\"@id\":\"https:\/\/fugadosalcatraz.com\/#\/schema\/logo\/image\/\"}}]}<\/script>\n<!-- \/ Yoast SEO plugin. -->","yoast_head_json":{"title":"Grup musical per a festa privada Lleida - Grupo de versiones","robots":{"index":"index","follow":"follow","max-snippet":"max-snippet:-1","max-image-preview":"max-image-preview:large","max-video-preview":"max-video-preview:-1"},"canonical":"https:\/\/fugadosalcatraz.com\/es\/contractacions\/grup-versions-festa-major\/grup-musical-per-a-festa-privada-a-lleida\/","og_locale":"es_ES","og_type":"article","og_title":"Grup musical per a festa privada Lleida - Grupo de versiones","og_description":"Grup musical per a festa privada Lleida Grup Musical per a Festa Privada a Lleida: Fugados de Alcatraz, la Millor M\u00fasica en Directe A Fugados de Alcatraz, oferim una experi\u00e8ncia...","og_url":"https:\/\/fugadosalcatraz.com\/es\/contractacions\/grup-versions-festa-major\/grup-musical-per-a-festa-privada-a-lleida\/","og_site_name":"Grupo de versiones","article_modified_time":"2024-10-29T08:14:45+00:00","og_image":[{"width":1600,"height":2083,"url":"https:\/\/fugadosalcatraz.com\/wp-content\/uploads\/2022\/05\/Registration-1.jpeg","type":"image\/jpeg"}],"twitter_card":"summary_large_image","twitter_misc":{"Tiempo de lectura":"3 minutos"},"schema":{"@context":"https:\/\/schema.org","@graph":[{"@type":"WebPage","@id":"https:\/\/fugadosalcatraz.com\/contractacions\/grup-versions-festa-major\/grup-musical-per-a-festa-privada-a-lleida\/","url":"https:\/\/fugadosalcatraz.com\/contractacions\/grup-versions-festa-major\/grup-musical-per-a-festa-privada-a-lleida\/","name":"Grup musical per a festa privada Lleida - Grupo de versiones","isPartOf":{"@id":"https:\/\/fugadosalcatraz.com\/#website"},"primaryImageOfPage":{"@id":"https:\/\/fugadosalcatraz.com\/contractacions\/grup-versions-festa-major\/grup-musical-per-a-festa-privada-a-lleida\/#primaryimage"},"image":{"@id":"https:\/\/fugadosalcatraz.com\/contractacions\/grup-versions-festa-major\/grup-musical-per-a-festa-privada-a-lleida\/#primaryimage"},"thumbnailUrl":"https:\/\/fugadosalcatraz.com\/wp-content\/uploads\/2022\/05\/Registration-1.jpeg","datePublished":"2024-10-29T08:14:44+00:00","dateModified":"2024-10-29T08:14:45+00:00","breadcrumb":{"@id":"https:\/\/fugadosalcatraz.com\/contractacions\/grup-versions-festa-major\/grup-musical-per-a-festa-privada-a-lleida\/#breadcrumb"},"inLanguage":"es","potentialAction":[{"@type":"ReadAction","target":["https:\/\/fugadosalcatraz.com\/contractacions\/grup-versions-festa-major\/grup-musical-per-a-festa-privada-a-lleida\/"]}]},{"@type":"ImageObject","inLanguage":"es","@id":"https:\/\/fugadosalcatraz.com\/contractacions\/grup-versions-festa-major\/grup-musical-per-a-festa-privada-a-lleida\/#primaryimage","url":"https:\/\/fugadosalcatraz.com\/wp-content\/uploads\/2022\/05\/Registration-1.jpeg","contentUrl":"https:\/\/fugadosalcatraz.com\/wp-content\/uploads\/2022\/05\/Registration-1.jpeg","width":1600,"height":2083},{"@type":"BreadcrumbList","@id":"https:\/\/fugadosalcatraz.com\/contractacions\/grup-versions-festa-major\/grup-musical-per-a-festa-privada-a-lleida\/#breadcrumb","itemListElement":[{"@type":"ListItem","position":1,"name":"Inici","item":"https:\/\/fugadosalcatraz.com\/"},{"@type":"ListItem","position":2,"name":"Contractacions","item":"https:\/\/fugadosalcatraz.com\/contractacions\/"},{"@type":"ListItem","position":3,"name":"Grup versions festa major","item":"https:\/\/fugadosalcatraz.com\/contractacions\/grup-versions-festa-major\/"},{"@type":"ListItem","position":4,"name":"Grup musical per a festa privada Lleida"}]},{"@type":"WebSite","@id":"https:\/\/fugadosalcatraz.com\/#website","url":"https:\/\/fugadosalcatraz.com\/","name":"Grupo de versiones","description":"Fugados de Alcatraz","publisher":{"@id":"https:\/\/fugadosalcatraz.com\/#organization"},"potentialAction":[{"@type":"SearchAction","target":{"@type":"EntryPoint","urlTemplate":"https:\/\/fugadosalcatraz.com\/?s={search_term_string}"},"query-input":{"@type":"PropertyValueSpecification","valueRequired":true,"valueName":"search_term_string"}}],"inLanguage":"es"},{"@type":"Organization","@id":"https:\/\/fugadosalcatraz.com\/#organization","name":"Grupo de versiones","url":"https:\/\/fugadosalcatraz.com\/","logo":{"@type":"ImageObject","inLanguage":"es","@id":"https:\/\/fugadosalcatraz.com\/#\/schema\/logo\/image\/","url":"https:\/\/fugadosalcatraz.com\/wp-content\/uploads\/2024\/01\/FUGADOS-logo.png","contentUrl":"https:\/\/fugadosalcatraz.com\/wp-content\/uploads\/2024\/01\/FUGADOS-logo.png","width":1200,"height":466,"caption":"Grupo de versiones"},"image":{"@id":"https:\/\/fugadosalcatraz.com\/#\/schema\/logo\/image\/"}}]}},"taxonomy_info":[],"featured_image_src_large":["https:\/\/fugadosalcatraz.com\/wp-content\/uploads\/2022\/05\/Registration-1-787x1024.jpeg",787,1024,true],"author_info":{"display_name":"Patri","author_link":"https:\/\/fugadosalcatraz.com\/es\/author\/patri\/"},"comment_info":0,"_links":{"self":[{"href":"https:\/\/fugadosalcatraz.com\/es\/wp-json\/wp\/v2\/pages\/2300","targetHints":{"allow":["GET"]}}],"collection":[{"href":"https:\/\/fugadosalcatraz.com\/es\/wp-json\/wp\/v2\/pages"}],"about":[{"href":"https:\/\/fugadosalcatraz.com\/es\/wp-json\/wp\/v2\/types\/page"}],"author":[{"embeddable":true,"href":"https:\/\/fugadosalcatraz.com\/es\/wp-json\/wp\/v2\/users\/4"}],"replies":[{"embeddable":true,"href":"https:\/\/fugadosalcatraz.com\/es\/wp-json\/wp\/v2\/comments?post=2300"}],"version-history":[{"count":1,"href":"https:\/\/fugadosalcatraz.com\/es\/wp-json\/wp\/v2\/pages\/2300\/revisions"}],"predecessor-version":[{"id":2301,"href":"https:\/\/fugadosalcatraz.com\/es\/wp-json\/wp\/v2\/pages\/2300\/revisions\/2301"}],"up":[{"embeddable":true,"href":"https:\/\/fugadosalcatraz.com\/es\/wp-json\/wp\/v2\/pages\/927"}],"wp:featuredmedia":[{"embeddable":true,"href":"https:\/\/fugadosalcatraz.com\/es\/wp-json\/wp\/v2\/media\/506"}],"wp:attachment":[{"href":"https:\/\/fugadosalcatraz.com\/es\/wp-json\/wp\/v2\/media?parent=2300"}],"curies":[{"name":"wp","href":"https:\/\/api.w.org\/{rel}","templated":true}]}}