{"id":2264,"date":"2024-10-07T09:25:52","date_gmt":"2024-10-07T07:25:52","guid":{"rendered":"https:\/\/fugadosalcatraz.com\/?page_id=2264"},"modified":"2024-10-14T12:42:47","modified_gmt":"2024-10-14T10:42:47","slug":"grup-musical-per-a-bodes-tarragona","status":"publish","type":"page","link":"https:\/\/fugadosalcatraz.com\/es\/contractacions\/grup-versions-festa-major\/grup-musical-per-a-bodes-tarragona\/","title":{"rendered":"Grup Musical per a Bodes Tarragona"},"content":{"rendered":"<style>.kb-row-layout-id2264_3a1113-d6 > .kt-row-column-wrap{align-content:start;}:where(.kb-row-layout-id2264_3a1113-d6 > .kt-row-column-wrap) > .wp-block-kadence-column{justify-content:start;}.kb-row-layout-id2264_3a1113-d6 > .kt-row-column-wrap{column-gap:var(--global-kb-gap-md, 2rem);row-gap:var(--global-kb-gap-md, 2rem);max-width:var( --global-content-width, 1290px );padding-left:var(--global-content-edge-padding);padding-right:var(--global-content-edge-padding);padding-top:200px;padding-bottom:90px;grid-template-columns:minmax(0, 1fr);}.kb-row-layout-id2264_3a1113-d6 > .kt-row-layout-overlay{opacity:0.56;background:radial-gradient(ellipse at right top, #e539fd 0%, var(--global-palette3) 92%);mix-blend-mode:multiply;}@media all and (max-width: 1024px){.kb-row-layout-id2264_3a1113-d6 > .kt-row-column-wrap{grid-template-columns:minmax(0, 1fr);}}@media all and (max-width: 767px){.kb-row-layout-id2264_3a1113-d6 > .kt-row-column-wrap{padding-top:var(--global-kb-spacing-4xl, 8rem);grid-template-columns:minmax(0, 1fr);}}<\/style><div class=\"kb-row-layout-wrap kb-row-layout-id2264_3a1113-d6 alignnone has-theme-palette3-background-color kt-row-has-bg wp-block-kadence-rowlayout\"><div class=\"kt-row-layout-overlay kt-row-overlay-gradient\"><\/div><div class=\"kt-row-column-wrap kt-has-1-columns kt-row-layout-equal kt-tab-layout-inherit kt-mobile-layout-row kt-row-valign-top kb-theme-content-width\">\n<style>.kadence-column2264_743376-ae > .kt-inside-inner-col,.kadence-column2264_743376-ae > .kt-inside-inner-col:before{border-top-left-radius:0px;border-top-right-radius:0px;border-bottom-right-radius:0px;border-bottom-left-radius:0px;}.kadence-column2264_743376-ae > .kt-inside-inner-col{column-gap:var(--global-kb-gap-sm, 1rem);}.kadence-column2264_743376-ae > .kt-inside-inner-col{flex-direction:column;}.kadence-column2264_743376-ae > .kt-inside-inner-col > .aligncenter{width:100%;}.kadence-column2264_743376-ae > .kt-inside-inner-col:before{opacity:0.3;}.kadence-column2264_743376-ae{position:relative;}@media all and (max-width: 1024px){.kadence-column2264_743376-ae > .kt-inside-inner-col{flex-direction:column;justify-content:center;}}@media all and (max-width: 767px){.kadence-column2264_743376-ae > .kt-inside-inner-col{flex-direction:column;justify-content:center;}}<\/style>\n<div class=\"wp-block-kadence-column kadence-column2264_743376-ae inner-column-1\"><div class=\"kt-inside-inner-col\"><style>.wp-block-kadence-advancedheading.kt-adv-heading2264_ec6847-bf, .wp-block-kadence-advancedheading.kt-adv-heading2264_ec6847-bf[data-kb-block=\"kb-adv-heading2264_ec6847-bf\"]{margin-top:0px;text-align:center;font-style:normal;}.wp-block-kadence-advancedheading.kt-adv-heading2264_ec6847-bf mark.kt-highlight, .wp-block-kadence-advancedheading.kt-adv-heading2264_ec6847-bf[data-kb-block=\"kb-adv-heading2264_ec6847-bf\"] mark.kt-highlight{font-style:normal;color:#f76a0c;-webkit-box-decoration-break:clone;box-decoration-break:clone;padding-top:0px;padding-right:0px;padding-bottom:0px;padding-left:0px;}.wp-block-kadence-advancedheading.kt-adv-heading2264_ec6847-bf img.kb-inline-image, .wp-block-kadence-advancedheading.kt-adv-heading2264_ec6847-bf[data-kb-block=\"kb-adv-heading2264_ec6847-bf\"] img.kb-inline-image{width:150px;vertical-align:baseline;}@media all and (max-width: 1024px){.wp-block-kadence-advancedheading.kt-adv-heading2264_ec6847-bf, .wp-block-kadence-advancedheading.kt-adv-heading2264_ec6847-bf[data-kb-block=\"kb-adv-heading2264_ec6847-bf\"]{font-size:60px;}}@media all and (max-width: 767px){.wp-block-kadence-advancedheading.kt-adv-heading2264_ec6847-bf, .wp-block-kadence-advancedheading.kt-adv-heading2264_ec6847-bf[data-kb-block=\"kb-adv-heading2264_ec6847-bf\"]{font-size:26px;}}<\/style>\n<h1 class=\"kt-adv-heading2264_ec6847-bf wp-block-kadence-advancedheading has-theme-palette-9-color has-text-color\" data-kb-block=\"kb-adv-heading2264_ec6847-bf\">Grup Musical per a Bodes a Tarragona<\/h1>\n\n\n<style>.wp-block-kadence-advancedheading.kt-adv-heading2264_9b7734-82, .wp-block-kadence-advancedheading.kt-adv-heading2264_9b7734-82[data-kb-block=\"kb-adv-heading2264_9b7734-82\"]{text-align:center;font-style:normal;}.wp-block-kadence-advancedheading.kt-adv-heading2264_9b7734-82 mark.kt-highlight, .wp-block-kadence-advancedheading.kt-adv-heading2264_9b7734-82[data-kb-block=\"kb-adv-heading2264_9b7734-82\"] mark.kt-highlight{font-style:normal;color:#f76a0c;-webkit-box-decoration-break:clone;box-decoration-break:clone;padding-top:0px;padding-right:0px;padding-bottom:0px;padding-left:0px;}.wp-block-kadence-advancedheading.kt-adv-heading2264_9b7734-82 img.kb-inline-image, .wp-block-kadence-advancedheading.kt-adv-heading2264_9b7734-82[data-kb-block=\"kb-adv-heading2264_9b7734-82\"] img.kb-inline-image{width:150px;vertical-align:baseline;}<\/style>\n<p class=\"kt-adv-heading2264_9b7734-82 wp-block-kadence-advancedheading has-theme-palette-9-color has-text-color\" data-kb-block=\"kb-adv-heading2264_9b7734-82\"><a href=\"https:\/\/startertemplatecloud.com\/e18\/#\"><\/a><\/p>\n<\/div><\/div>\n\n<\/div><\/div>\n\n<style>.kb-row-layout-id2264_7abbae-5d > .kt-row-column-wrap{align-content:start;}:where(.kb-row-layout-id2264_7abbae-5d > .kt-row-column-wrap) > .wp-block-kadence-column{justify-content:start;}.kb-row-layout-id2264_7abbae-5d > .kt-row-column-wrap{column-gap:var(--global-kb-gap-lg, 4rem);row-gap:var(--global-kb-gap-md, 2rem);max-width:var( --global-content-width, 1290px );padding-left:var(--global-content-edge-padding);padding-right:var(--global-content-edge-padding);padding-top:80px;padding-bottom:80px;grid-template-columns:repeat(2, minmax(0, 1fr));}.kb-row-layout-id2264_7abbae-5d > .kt-row-layout-overlay{opacity:0.30;}@media all and (max-width: 1024px){.kb-row-layout-id2264_7abbae-5d > .kt-row-column-wrap{grid-template-columns:repeat(2, minmax(0, 1fr));}}@media all and (max-width: 767px){.kb-row-layout-id2264_7abbae-5d > .kt-row-column-wrap{grid-template-columns:minmax(0, 1fr);}}<\/style><div class=\"kb-row-layout-wrap kb-row-layout-id2264_7abbae-5d alignnone wp-block-kadence-rowlayout\"><div class=\"kt-row-column-wrap kt-has-2-columns kt-row-layout-equal kt-tab-layout-inherit kt-mobile-layout-row kt-row-valign-top kb-theme-content-width\">\n<style>.kadence-column2264_697df3-9a > .kt-inside-inner-col,.kadence-column2264_697df3-9a > .kt-inside-inner-col:before{border-top-left-radius:0px;border-top-right-radius:0px;border-bottom-right-radius:0px;border-bottom-left-radius:0px;}.kadence-column2264_697df3-9a > .kt-inside-inner-col{column-gap:var(--global-kb-gap-sm, 1rem);}.kadence-column2264_697df3-9a > .kt-inside-inner-col{flex-direction:column;}.kadence-column2264_697df3-9a > .kt-inside-inner-col > .aligncenter{width:100%;}.kadence-column2264_697df3-9a > .kt-inside-inner-col:before{opacity:0.3;}.kadence-column2264_697df3-9a{position:relative;}@media all and (max-width: 1024px){.kadence-column2264_697df3-9a > .kt-inside-inner-col{flex-direction:column;justify-content:center;}}@media all and (max-width: 767px){.kadence-column2264_697df3-9a > .kt-inside-inner-col{flex-direction:column;justify-content:center;}}<\/style>\n<div class=\"wp-block-kadence-column kadence-column2264_697df3-9a inner-column-1\"><div class=\"kt-inside-inner-col\">\n<h2 class=\"wp-block-heading\">Grup musical per a bodes a Tarragona: La banda sonora perfecta pel teu gran dia<\/h2>\n\n\n\n<p>A Fugados de Alcatraz, som el <strong>grup musical per a bodes a Tarragona<\/strong> que aporta energia, passi\u00f3 i una experi\u00e8ncia inoblidable al teu casament. Sabem que el dia del teu casament \u00e9s un dels moments m\u00e9s especials de la teva vida, i volem ajudar-te a fer-lo encara m\u00e9s m\u00e0gic amb la m\u00fasica perfecta. Amb un repertori que abasta des dels cl\u00e0ssics fins als \u00e8xits m\u00e9s actuals, estem preparats per fer ballar a tothom i crear un ambient festiu que tothom recordar\u00e0.<\/p>\n\n\n\n<p>El nostre equip d\u2019artistes t\u00e9 l\u2019experi\u00e8ncia i el talent necessaris per assegurar que la teva boda sigui un esdeveniment ple d\u2019emoci\u00f3 i diversi\u00f3. Fugados de Alcatraz \u00e9s el <strong>grup musical per a bodes a Tarragona<\/strong> que s\u2019adapta als teus gustos i necessitats per fer que cada moment sigui \u00fanic.<\/p>\n\n\n\n<h2 class=\"wp-block-heading\">Fugados de Alcatraz: El grup musical ideal per a bodes a Terrassa <\/h2>\n\n\n\n<p>Com a <strong>grup musical per a bodes a Terrassa<\/strong>, oferim una experi\u00e8ncia totalment personalitzada. Entenem que cada parella \u00e9s diferent, per aix\u00f2 treballem colze a colze amb vosaltres per assegurar-nos que la m\u00fasica sigui una extensi\u00f3 perfecta del vostre estil i prefer\u00e8ncies. Des de balades rom\u00e0ntiques per als moments m\u00e9s \u00edntims fins a can\u00e7ons en\u00e8rgicament animades per fer ballar tothom, Fugados de Alcatraz \u00e9s el grup ideal per adaptar-se a qualsevol tipus de boda.<\/p>\n\n\n\n<p>A m\u00e9s, la nostra interacci\u00f3 amb el p\u00fablic afegeix un toc especial a cada actuaci\u00f3. Ens assegurem que els teus convidats se sentin part de la festa i visquin una experi\u00e8ncia inoblidable plena de diversi\u00f3 i emoci\u00f3.<\/p>\n<\/div><\/div>\n\n\n<style>.kadence-column2264_574a90-e4 > .kt-inside-inner-col,.kadence-column2264_574a90-e4 > .kt-inside-inner-col:before{border-top-left-radius:0px;border-top-right-radius:0px;border-bottom-right-radius:0px;border-bottom-left-radius:0px;}.kadence-column2264_574a90-e4 > .kt-inside-inner-col{column-gap:var(--global-kb-gap-sm, 1rem);}.kadence-column2264_574a90-e4 > .kt-inside-inner-col{flex-direction:column;}.kadence-column2264_574a90-e4 > .kt-inside-inner-col > .aligncenter{width:100%;}.kadence-column2264_574a90-e4 > .kt-inside-inner-col:before{opacity:0.3;}.kadence-column2264_574a90-e4{position:relative;}@media all and (max-width: 1024px){.kadence-column2264_574a90-e4 > .kt-inside-inner-col{flex-direction:column;justify-content:center;}}@media all and (max-width: 767px){.kadence-column2264_574a90-e4 > .kt-inside-inner-col{flex-direction:column;justify-content:center;}}<\/style>\n<div class=\"wp-block-kadence-column kadence-column2264_574a90-e4\"><div class=\"kt-inside-inner-col\">\n<figure class=\"wp-block-image size-full\"><img loading=\"lazy\" decoding=\"async\" width=\"940\" height=\"788\" src=\"https:\/\/fugadosalcatraz.com\/wp-content\/uploads\/2024\/04\/Fugados-de-Alcatraz.jpg\" alt=\"\" class=\"wp-image-1898\" srcset=\"https:\/\/fugadosalcatraz.com\/wp-content\/uploads\/2024\/04\/Fugados-de-Alcatraz.jpg 940w, https:\/\/fugadosalcatraz.com\/wp-content\/uploads\/2024\/04\/Fugados-de-Alcatraz-300x251.jpg 300w, https:\/\/fugadosalcatraz.com\/wp-content\/uploads\/2024\/04\/Fugados-de-Alcatraz-768x644.jpg 768w, https:\/\/fugadosalcatraz.com\/wp-content\/uploads\/2024\/04\/Fugados-de-Alcatraz-14x12.jpg 14w\" sizes=\"auto, (max-width: 940px) 100vw, 940px\" \/><\/figure>\n\n\n\n<h2 class=\"wp-block-heading\">Confia en Fugados de Alcatraz, el grup musical per a bodes a Terrassa<\/h2>\n\n\n\n<p>Si est\u00e0s buscant un <strong>grup musical per a bodes a Terrassa<\/strong> amb experi\u00e8ncia, professionalitat i una gran passi\u00f3 per la m\u00fasica, Fugados de Alcatraz \u00e9s la millor opci\u00f3. Tenim anys d\u2019experi\u00e8ncia aportant el toc musical perfecte per a tot tipus d\u2019esdeveniments i ens especialitzem en fer que el dia del teu casament sigui inoblidable. Des de la selecci\u00f3 de les can\u00e7ons fins a la coordinaci\u00f3 de tots els detalls de l\u2019actuaci\u00f3, cuidem cada aspecte perqu\u00e8 tu i els teus convidats gaudiu d\u2019una festa \u00e8pica.<\/p>\n\n\n\n<p>Posa&#8217;t en contacte amb nosaltres per con\u00e8ixer com podem convertir el teu casament en una celebraci\u00f3 inoblidable amb la millor m\u00fasica en directe. Amb Fugados de Alcatraz, el teu gran dia a Terrassa estar\u00e0 ple de moments m\u00e0gics que recordareu per sempre.<\/p>\n<\/div><\/div>\n\n<\/div><\/div>\n\n\n<p><\/p>\n","protected":false},"excerpt":{"rendered":"<p>Grup Musical per a Bodes a Tarragona Grup musical per a bodes a Tarragona: La banda sonora perfecta pel teu gran dia A Fugados de Alcatraz, som el grup musical&#8230;<\/p>","protected":false},"author":4,"featured_media":506,"parent":927,"menu_order":0,"comment_status":"closed","ping_status":"closed","template":"","meta":{"_kad_blocks_custom_css":"","_kad_blocks_head_custom_js":"","_kad_blocks_body_custom_js":"","_kad_blocks_footer_custom_js":"","_EventAllDay":false,"_EventTimezone":"","_EventStartDate":"","_EventEndDate":"","_EventStartDateUTC":"","_EventEndDateUTC":"","_EventShowMap":false,"_EventShowMapLink":false,"_EventURL":"","_EventCost":"","_EventCostDescription":"","_EventCurrencySymbol":"","_EventCurrencyCode":"","_EventCurrencyPosition":"","_EventDateTimeSeparator":"","_EventTimeRangeSeparator":"","_EventOrganizerID":[],"_EventVenueID":[],"_OrganizerEmail":"","_OrganizerPhone":"","_OrganizerWebsite":"","_VenueAddress":"","_VenueCity":"","_VenueCountry":"","_VenueProvince":"","_VenueState":"","_VenueZip":"","_VenuePhone":"","_VenueURL":"","_VenueStateProvince":"","_VenueLat":"","_VenueLng":"","_VenueShowMap":false,"_VenueShowMapLink":false,"_kad_post_transparent":"","_kad_post_title":"hide","_kad_post_layout":"fullwidth","_kad_post_sidebar_id":"","_kad_post_content_style":"unboxed","_kad_post_vertical_padding":"hide","_kad_post_feature":"hide","_kad_post_feature_position":"","_kad_post_header":false,"_kad_post_footer":false,"_kad_post_classname":"","footnotes":""},"class_list":["post-2264","page","type-page","status-publish","has-post-thumbnail","hentry"],"yoast_head":"<!-- This site is optimized with the Yoast SEO plugin v27.2 - https:\/\/yoast.com\/product\/yoast-seo-wordpress\/ -->\n<title>Grup Musical per a Bodes Tarragona - Grupo de versiones<\/title>\n<meta name=\"robots\" content=\"index, follow, max-snippet:-1, max-image-preview:large, max-video-preview:-1\" \/>\n<link rel=\"canonical\" href=\"https:\/\/fugadosalcatraz.com\/es\/contractacions\/grup-versions-festa-major\/grup-musical-per-a-bodes-tarragona\/\" \/>\n<meta property=\"og:locale\" content=\"es_ES\" \/>\n<meta property=\"og:type\" content=\"article\" \/>\n<meta property=\"og:title\" content=\"Grup Musical per a Bodes Tarragona - Grupo de versiones\" \/>\n<meta property=\"og:description\" content=\"Grup Musical per a Bodes a Tarragona Grup musical per a bodes a Tarragona: La banda sonora perfecta pel teu gran dia A Fugados de Alcatraz, som el grup musical...\" \/>\n<meta property=\"og:url\" content=\"https:\/\/fugadosalcatraz.com\/es\/contractacions\/grup-versions-festa-major\/grup-musical-per-a-bodes-tarragona\/\" \/>\n<meta property=\"og:site_name\" content=\"Grupo de versiones\" \/>\n<meta property=\"article:modified_time\" content=\"2024-10-14T10:42:47+00:00\" \/>\n<meta property=\"og:image\" content=\"https:\/\/fugadosalcatraz.com\/wp-content\/uploads\/2022\/05\/Registration-1.jpeg\" \/>\n\t<meta property=\"og:image:width\" content=\"1600\" \/>\n\t<meta property=\"og:image:height\" content=\"2083\" \/>\n\t<meta property=\"og:image:type\" content=\"image\/jpeg\" \/>\n<meta name=\"twitter:card\" content=\"summary_large_image\" \/>\n<meta name=\"twitter:label1\" content=\"Tiempo de lectura\" \/>\n\t<meta name=\"twitter:data1\" content=\"3 minutos\" \/>\n<script type=\"application\/ld+json\" class=\"yoast-schema-graph\">{\"@context\":\"https:\/\/schema.org\",\"@graph\":[{\"@type\":\"WebPage\",\"@id\":\"https:\/\/fugadosalcatraz.com\/contractacions\/grup-versions-festa-major\/grup-musical-per-a-bodes-tarragona\/\",\"url\":\"https:\/\/fugadosalcatraz.com\/contractacions\/grup-versions-festa-major\/grup-musical-per-a-bodes-tarragona\/\",\"name\":\"Grup Musical per a Bodes Tarragona - Grupo de versiones\",\"isPartOf\":{\"@id\":\"https:\/\/fugadosalcatraz.com\/#website\"},\"primaryImageOfPage\":{\"@id\":\"https:\/\/fugadosalcatraz.com\/contractacions\/grup-versions-festa-major\/grup-musical-per-a-bodes-tarragona\/#primaryimage\"},\"image\":{\"@id\":\"https:\/\/fugadosalcatraz.com\/contractacions\/grup-versions-festa-major\/grup-musical-per-a-bodes-tarragona\/#primaryimage\"},\"thumbnailUrl\":\"https:\/\/fugadosalcatraz.com\/wp-content\/uploads\/2022\/05\/Registration-1.jpeg\",\"datePublished\":\"2024-10-07T07:25:52+00:00\",\"dateModified\":\"2024-10-14T10:42:47+00:00\",\"breadcrumb\":{\"@id\":\"https:\/\/fugadosalcatraz.com\/contractacions\/grup-versions-festa-major\/grup-musical-per-a-bodes-tarragona\/#breadcrumb\"},\"inLanguage\":\"es\",\"potentialAction\":[{\"@type\":\"ReadAction\",\"target\":[\"https:\/\/fugadosalcatraz.com\/contractacions\/grup-versions-festa-major\/grup-musical-per-a-bodes-tarragona\/\"]}]},{\"@type\":\"ImageObject\",\"inLanguage\":\"es\",\"@id\":\"https:\/\/fugadosalcatraz.com\/contractacions\/grup-versions-festa-major\/grup-musical-per-a-bodes-tarragona\/#primaryimage\",\"url\":\"https:\/\/fugadosalcatraz.com\/wp-content\/uploads\/2022\/05\/Registration-1.jpeg\",\"contentUrl\":\"https:\/\/fugadosalcatraz.com\/wp-content\/uploads\/2022\/05\/Registration-1.jpeg\",\"width\":1600,\"height\":2083},{\"@type\":\"BreadcrumbList\",\"@id\":\"https:\/\/fugadosalcatraz.com\/contractacions\/grup-versions-festa-major\/grup-musical-per-a-bodes-tarragona\/#breadcrumb\",\"itemListElement\":[{\"@type\":\"ListItem\",\"position\":1,\"name\":\"Inici\",\"item\":\"https:\/\/fugadosalcatraz.com\/\"},{\"@type\":\"ListItem\",\"position\":2,\"name\":\"Contractacions\",\"item\":\"https:\/\/fugadosalcatraz.com\/contractacions\/\"},{\"@type\":\"ListItem\",\"position\":3,\"name\":\"Grup versions festa major\",\"item\":\"https:\/\/fugadosalcatraz.com\/contractacions\/grup-versions-festa-major\/\"},{\"@type\":\"ListItem\",\"position\":4,\"name\":\"Grup Musical per a Bodes Tarragona\"}]},{\"@type\":\"WebSite\",\"@id\":\"https:\/\/fugadosalcatraz.com\/#website\",\"url\":\"https:\/\/fugadosalcatraz.com\/\",\"name\":\"Grupo de versiones\",\"description\":\"Fugados de Alcatraz\",\"publisher\":{\"@id\":\"https:\/\/fugadosalcatraz.com\/#organization\"},\"potentialAction\":[{\"@type\":\"SearchAction\",\"target\":{\"@type\":\"EntryPoint\",\"urlTemplate\":\"https:\/\/fugadosalcatraz.com\/?s={search_term_string}\"},\"query-input\":{\"@type\":\"PropertyValueSpecification\",\"valueRequired\":true,\"valueName\":\"search_term_string\"}}],\"inLanguage\":\"es\"},{\"@type\":\"Organization\",\"@id\":\"https:\/\/fugadosalcatraz.com\/#organization\",\"name\":\"Grupo de versiones\",\"url\":\"https:\/\/fugadosalcatraz.com\/\",\"logo\":{\"@type\":\"ImageObject\",\"inLanguage\":\"es\",\"@id\":\"https:\/\/fugadosalcatraz.com\/#\/schema\/logo\/image\/\",\"url\":\"https:\/\/fugadosalcatraz.com\/wp-content\/uploads\/2024\/01\/FUGADOS-logo.png\",\"contentUrl\":\"https:\/\/fugadosalcatraz.com\/wp-content\/uploads\/2024\/01\/FUGADOS-logo.png\",\"width\":1200,\"height\":466,\"caption\":\"Grupo de versiones\"},\"image\":{\"@id\":\"https:\/\/fugadosalcatraz.com\/#\/schema\/logo\/image\/\"}}]}<\/script>\n<!-- \/ Yoast SEO plugin. -->","yoast_head_json":{"title":"Grup Musical per a Bodes Tarragona - Grupo de versiones","robots":{"index":"index","follow":"follow","max-snippet":"max-snippet:-1","max-image-preview":"max-image-preview:large","max-video-preview":"max-video-preview:-1"},"canonical":"https:\/\/fugadosalcatraz.com\/es\/contractacions\/grup-versions-festa-major\/grup-musical-per-a-bodes-tarragona\/","og_locale":"es_ES","og_type":"article","og_title":"Grup Musical per a Bodes Tarragona - Grupo de versiones","og_description":"Grup Musical per a Bodes a Tarragona Grup musical per a bodes a Tarragona: La banda sonora perfecta pel teu gran dia A Fugados de Alcatraz, som el grup musical...","og_url":"https:\/\/fugadosalcatraz.com\/es\/contractacions\/grup-versions-festa-major\/grup-musical-per-a-bodes-tarragona\/","og_site_name":"Grupo de versiones","article_modified_time":"2024-10-14T10:42:47+00:00","og_image":[{"width":1600,"height":2083,"url":"https:\/\/fugadosalcatraz.com\/wp-content\/uploads\/2022\/05\/Registration-1.jpeg","type":"image\/jpeg"}],"twitter_card":"summary_large_image","twitter_misc":{"Tiempo de lectura":"3 minutos"},"schema":{"@context":"https:\/\/schema.org","@graph":[{"@type":"WebPage","@id":"https:\/\/fugadosalcatraz.com\/contractacions\/grup-versions-festa-major\/grup-musical-per-a-bodes-tarragona\/","url":"https:\/\/fugadosalcatraz.com\/contractacions\/grup-versions-festa-major\/grup-musical-per-a-bodes-tarragona\/","name":"Grup Musical per a Bodes Tarragona - Grupo de versiones","isPartOf":{"@id":"https:\/\/fugadosalcatraz.com\/#website"},"primaryImageOfPage":{"@id":"https:\/\/fugadosalcatraz.com\/contractacions\/grup-versions-festa-major\/grup-musical-per-a-bodes-tarragona\/#primaryimage"},"image":{"@id":"https:\/\/fugadosalcatraz.com\/contractacions\/grup-versions-festa-major\/grup-musical-per-a-bodes-tarragona\/#primaryimage"},"thumbnailUrl":"https:\/\/fugadosalcatraz.com\/wp-content\/uploads\/2022\/05\/Registration-1.jpeg","datePublished":"2024-10-07T07:25:52+00:00","dateModified":"2024-10-14T10:42:47+00:00","breadcrumb":{"@id":"https:\/\/fugadosalcatraz.com\/contractacions\/grup-versions-festa-major\/grup-musical-per-a-bodes-tarragona\/#breadcrumb"},"inLanguage":"es","potentialAction":[{"@type":"ReadAction","target":["https:\/\/fugadosalcatraz.com\/contractacions\/grup-versions-festa-major\/grup-musical-per-a-bodes-tarragona\/"]}]},{"@type":"ImageObject","inLanguage":"es","@id":"https:\/\/fugadosalcatraz.com\/contractacions\/grup-versions-festa-major\/grup-musical-per-a-bodes-tarragona\/#primaryimage","url":"https:\/\/fugadosalcatraz.com\/wp-content\/uploads\/2022\/05\/Registration-1.jpeg","contentUrl":"https:\/\/fugadosalcatraz.com\/wp-content\/uploads\/2022\/05\/Registration-1.jpeg","width":1600,"height":2083},{"@type":"BreadcrumbList","@id":"https:\/\/fugadosalcatraz.com\/contractacions\/grup-versions-festa-major\/grup-musical-per-a-bodes-tarragona\/#breadcrumb","itemListElement":[{"@type":"ListItem","position":1,"name":"Inici","item":"https:\/\/fugadosalcatraz.com\/"},{"@type":"ListItem","position":2,"name":"Contractacions","item":"https:\/\/fugadosalcatraz.com\/contractacions\/"},{"@type":"ListItem","position":3,"name":"Grup versions festa major","item":"https:\/\/fugadosalcatraz.com\/contractacions\/grup-versions-festa-major\/"},{"@type":"ListItem","position":4,"name":"Grup Musical per a Bodes Tarragona"}]},{"@type":"WebSite","@id":"https:\/\/fugadosalcatraz.com\/#website","url":"https:\/\/fugadosalcatraz.com\/","name":"Grupo de versiones","description":"Fugados de Alcatraz","publisher":{"@id":"https:\/\/fugadosalcatraz.com\/#organization"},"potentialAction":[{"@type":"SearchAction","target":{"@type":"EntryPoint","urlTemplate":"https:\/\/fugadosalcatraz.com\/?s={search_term_string}"},"query-input":{"@type":"PropertyValueSpecification","valueRequired":true,"valueName":"search_term_string"}}],"inLanguage":"es"},{"@type":"Organization","@id":"https:\/\/fugadosalcatraz.com\/#organization","name":"Grupo de versiones","url":"https:\/\/fugadosalcatraz.com\/","logo":{"@type":"ImageObject","inLanguage":"es","@id":"https:\/\/fugadosalcatraz.com\/#\/schema\/logo\/image\/","url":"https:\/\/fugadosalcatraz.com\/wp-content\/uploads\/2024\/01\/FUGADOS-logo.png","contentUrl":"https:\/\/fugadosalcatraz.com\/wp-content\/uploads\/2024\/01\/FUGADOS-logo.png","width":1200,"height":466,"caption":"Grupo de versiones"},"image":{"@id":"https:\/\/fugadosalcatraz.com\/#\/schema\/logo\/image\/"}}]}},"taxonomy_info":[],"featured_image_src_large":["https:\/\/fugadosalcatraz.com\/wp-content\/uploads\/2022\/05\/Registration-1-787x1024.jpeg",787,1024,true],"author_info":{"display_name":"Patri","author_link":"https:\/\/fugadosalcatraz.com\/es\/author\/patri\/"},"comment_info":0,"_links":{"self":[{"href":"https:\/\/fugadosalcatraz.com\/es\/wp-json\/wp\/v2\/pages\/2264","targetHints":{"allow":["GET"]}}],"collection":[{"href":"https:\/\/fugadosalcatraz.com\/es\/wp-json\/wp\/v2\/pages"}],"about":[{"href":"https:\/\/fugadosalcatraz.com\/es\/wp-json\/wp\/v2\/types\/page"}],"author":[{"embeddable":true,"href":"https:\/\/fugadosalcatraz.com\/es\/wp-json\/wp\/v2\/users\/4"}],"replies":[{"embeddable":true,"href":"https:\/\/fugadosalcatraz.com\/es\/wp-json\/wp\/v2\/comments?post=2264"}],"version-history":[{"count":2,"href":"https:\/\/fugadosalcatraz.com\/es\/wp-json\/wp\/v2\/pages\/2264\/revisions"}],"predecessor-version":[{"id":2280,"href":"https:\/\/fugadosalcatraz.com\/es\/wp-json\/wp\/v2\/pages\/2264\/revisions\/2280"}],"up":[{"embeddable":true,"href":"https:\/\/fugadosalcatraz.com\/es\/wp-json\/wp\/v2\/pages\/927"}],"wp:featuredmedia":[{"embeddable":true,"href":"https:\/\/fugadosalcatraz.com\/es\/wp-json\/wp\/v2\/media\/506"}],"wp:attachment":[{"href":"https:\/\/fugadosalcatraz.com\/es\/wp-json\/wp\/v2\/media?parent=2264"}],"curies":[{"name":"wp","href":"https:\/\/api.w.org\/{rel}","templated":true}]}}