{"id":2252,"date":"2024-10-07T09:01:00","date_gmt":"2024-10-07T07:01:00","guid":{"rendered":"https:\/\/fugadosalcatraz.com\/?page_id=2252"},"modified":"2024-10-07T09:20:14","modified_gmt":"2024-10-07T07:20:14","slug":"grup-musical-per-a-bodes-a-barcelona","status":"publish","type":"page","link":"https:\/\/fugadosalcatraz.com\/es\/contractacions\/grup-versions-festa-major\/grup-musical-per-a-bodes-a-barcelona\/","title":{"rendered":"Grup Musical Per a Bodes Barcelona"},"content":{"rendered":"<style>.kb-row-layout-id2252_773deb-e3 > .kt-row-column-wrap{align-content:start;}:where(.kb-row-layout-id2252_773deb-e3 > .kt-row-column-wrap) > .wp-block-kadence-column{justify-content:start;}.kb-row-layout-id2252_773deb-e3 > .kt-row-column-wrap{column-gap:var(--global-kb-gap-md, 2rem);row-gap:var(--global-kb-gap-md, 2rem);max-width:var( --global-content-width, 1290px );padding-left:var(--global-content-edge-padding);padding-right:var(--global-content-edge-padding);padding-top:200px;padding-bottom:90px;grid-template-columns:minmax(0, 1fr);}.kb-row-layout-id2252_773deb-e3 > .kt-row-layout-overlay{opacity:0.56;background:radial-gradient(ellipse at right top, #e539fd 0%, var(--global-palette3) 92%);mix-blend-mode:multiply;}@media all and (max-width: 1024px){.kb-row-layout-id2252_773deb-e3 > .kt-row-column-wrap{grid-template-columns:minmax(0, 1fr);}}@media all and (max-width: 767px){.kb-row-layout-id2252_773deb-e3 > .kt-row-column-wrap{padding-top:var(--global-kb-spacing-4xl, 8rem);grid-template-columns:minmax(0, 1fr);}}<\/style><div class=\"kb-row-layout-wrap kb-row-layout-id2252_773deb-e3 alignnone has-theme-palette3-background-color kt-row-has-bg wp-block-kadence-rowlayout\"><div class=\"kt-row-layout-overlay kt-row-overlay-gradient\"><\/div><div class=\"kt-row-column-wrap kt-has-1-columns kt-row-layout-equal kt-tab-layout-inherit kt-mobile-layout-row kt-row-valign-top kb-theme-content-width\">\n<style>.kadence-column2252_019d7a-36 > .kt-inside-inner-col,.kadence-column2252_019d7a-36 > .kt-inside-inner-col:before{border-top-left-radius:0px;border-top-right-radius:0px;border-bottom-right-radius:0px;border-bottom-left-radius:0px;}.kadence-column2252_019d7a-36 > .kt-inside-inner-col{column-gap:var(--global-kb-gap-sm, 1rem);}.kadence-column2252_019d7a-36 > .kt-inside-inner-col{flex-direction:column;}.kadence-column2252_019d7a-36 > .kt-inside-inner-col > .aligncenter{width:100%;}.kadence-column2252_019d7a-36 > .kt-inside-inner-col:before{opacity:0.3;}.kadence-column2252_019d7a-36{position:relative;}@media all and (max-width: 1024px){.kadence-column2252_019d7a-36 > .kt-inside-inner-col{flex-direction:column;justify-content:center;}}@media all and (max-width: 767px){.kadence-column2252_019d7a-36 > .kt-inside-inner-col{flex-direction:column;justify-content:center;}}<\/style>\n<div class=\"wp-block-kadence-column kadence-column2252_019d7a-36 inner-column-1\"><div class=\"kt-inside-inner-col\"><style>.wp-block-kadence-advancedheading.kt-adv-heading2252_4760ff-5d, .wp-block-kadence-advancedheading.kt-adv-heading2252_4760ff-5d[data-kb-block=\"kb-adv-heading2252_4760ff-5d\"]{margin-top:0px;text-align:center;font-style:normal;}.wp-block-kadence-advancedheading.kt-adv-heading2252_4760ff-5d mark.kt-highlight, .wp-block-kadence-advancedheading.kt-adv-heading2252_4760ff-5d[data-kb-block=\"kb-adv-heading2252_4760ff-5d\"] mark.kt-highlight{font-style:normal;color:#f76a0c;-webkit-box-decoration-break:clone;box-decoration-break:clone;padding-top:0px;padding-right:0px;padding-bottom:0px;padding-left:0px;}.wp-block-kadence-advancedheading.kt-adv-heading2252_4760ff-5d img.kb-inline-image, .wp-block-kadence-advancedheading.kt-adv-heading2252_4760ff-5d[data-kb-block=\"kb-adv-heading2252_4760ff-5d\"] img.kb-inline-image{width:150px;vertical-align:baseline;}@media all and (max-width: 1024px){.wp-block-kadence-advancedheading.kt-adv-heading2252_4760ff-5d, .wp-block-kadence-advancedheading.kt-adv-heading2252_4760ff-5d[data-kb-block=\"kb-adv-heading2252_4760ff-5d\"]{font-size:60px;}}@media all and (max-width: 767px){.wp-block-kadence-advancedheading.kt-adv-heading2252_4760ff-5d, .wp-block-kadence-advancedheading.kt-adv-heading2252_4760ff-5d[data-kb-block=\"kb-adv-heading2252_4760ff-5d\"]{font-size:26px;}}<\/style>\n<h1 class=\"kt-adv-heading2252_4760ff-5d wp-block-kadence-advancedheading has-theme-palette-9-color has-text-color\" data-kb-block=\"kb-adv-heading2252_4760ff-5d\">Grup Musical per a Bodes a Barcelona<\/h1>\n\n\n<style>.wp-block-kadence-advancedheading.kt-adv-heading2252_7b8918-f5, .wp-block-kadence-advancedheading.kt-adv-heading2252_7b8918-f5[data-kb-block=\"kb-adv-heading2252_7b8918-f5\"]{text-align:center;font-style:normal;}.wp-block-kadence-advancedheading.kt-adv-heading2252_7b8918-f5 mark.kt-highlight, .wp-block-kadence-advancedheading.kt-adv-heading2252_7b8918-f5[data-kb-block=\"kb-adv-heading2252_7b8918-f5\"] mark.kt-highlight{font-style:normal;color:#f76a0c;-webkit-box-decoration-break:clone;box-decoration-break:clone;padding-top:0px;padding-right:0px;padding-bottom:0px;padding-left:0px;}.wp-block-kadence-advancedheading.kt-adv-heading2252_7b8918-f5 img.kb-inline-image, .wp-block-kadence-advancedheading.kt-adv-heading2252_7b8918-f5[data-kb-block=\"kb-adv-heading2252_7b8918-f5\"] img.kb-inline-image{width:150px;vertical-align:baseline;}<\/style>\n<p class=\"kt-adv-heading2252_7b8918-f5 wp-block-kadence-advancedheading has-theme-palette-9-color has-text-color\" data-kb-block=\"kb-adv-heading2252_7b8918-f5\"><a href=\"https:\/\/startertemplatecloud.com\/e18\/#\"><\/a><\/p>\n<\/div><\/div>\n\n<\/div><\/div>\n\n<style>.kb-row-layout-id2252_9bab65-c0 > .kt-row-column-wrap{align-content:start;}:where(.kb-row-layout-id2252_9bab65-c0 > .kt-row-column-wrap) > .wp-block-kadence-column{justify-content:start;}.kb-row-layout-id2252_9bab65-c0 > .kt-row-column-wrap{column-gap:var(--global-kb-gap-lg, 4rem);row-gap:var(--global-kb-gap-md, 2rem);max-width:var( --global-content-width, 1290px );padding-left:var(--global-content-edge-padding);padding-right:var(--global-content-edge-padding);padding-top:80px;padding-bottom:80px;grid-template-columns:repeat(2, minmax(0, 1fr));}.kb-row-layout-id2252_9bab65-c0 > .kt-row-layout-overlay{opacity:0.30;}@media all and (max-width: 1024px){.kb-row-layout-id2252_9bab65-c0 > .kt-row-column-wrap{grid-template-columns:repeat(2, minmax(0, 1fr));}}@media all and (max-width: 767px){.kb-row-layout-id2252_9bab65-c0 > .kt-row-column-wrap{grid-template-columns:minmax(0, 1fr);}}<\/style><div class=\"kb-row-layout-wrap kb-row-layout-id2252_9bab65-c0 alignnone wp-block-kadence-rowlayout\"><div class=\"kt-row-column-wrap kt-has-2-columns kt-row-layout-equal kt-tab-layout-inherit kt-mobile-layout-row kt-row-valign-top kb-theme-content-width\">\n<style>.kadence-column2252_4b8e01-fa > .kt-inside-inner-col,.kadence-column2252_4b8e01-fa > .kt-inside-inner-col:before{border-top-left-radius:0px;border-top-right-radius:0px;border-bottom-right-radius:0px;border-bottom-left-radius:0px;}.kadence-column2252_4b8e01-fa > .kt-inside-inner-col{column-gap:var(--global-kb-gap-sm, 1rem);}.kadence-column2252_4b8e01-fa > .kt-inside-inner-col{flex-direction:column;}.kadence-column2252_4b8e01-fa > .kt-inside-inner-col > .aligncenter{width:100%;}.kadence-column2252_4b8e01-fa > .kt-inside-inner-col:before{opacity:0.3;}.kadence-column2252_4b8e01-fa{position:relative;}@media all and (max-width: 1024px){.kadence-column2252_4b8e01-fa > .kt-inside-inner-col{flex-direction:column;justify-content:center;}}@media all and (max-width: 767px){.kadence-column2252_4b8e01-fa > .kt-inside-inner-col{flex-direction:column;justify-content:center;}}<\/style>\n<div class=\"wp-block-kadence-column kadence-column2252_4b8e01-fa inner-column-1\"><div class=\"kt-inside-inner-col\">\n<h2 class=\"wp-block-heading\">Grup musical per a bodes a Barcelona: L\u2019ess\u00e8ncia de la teva celebraci\u00f3<\/h2>\n\n\n\n<p>A Fugados de Alcatraz, som el <strong>grup musical per a bodes a Barcelona<\/strong> que aporta l\u2019energia i emoci\u00f3 necess\u00e0ries per fer del teu casament un esdeveniment inoblidable. Amb un repertori que combina cl\u00e0ssics i \u00e8xits moderns, oferim una experi\u00e8ncia musical que transforma qualsevol boda en una celebraci\u00f3 \u00fanica. Ens caracteritza la nostra passi\u00f3 per la m\u00fasica i l\u2019habilitat per connectar amb el p\u00fablic, creant un ambient de festa i diversi\u00f3 des del primer moment.<\/p>\n\n\n\n<h2 class=\"wp-block-heading\">Un grup musical per a bodes a Barcelona que s&#8217;adapta a tu<\/h2>\n\n\n\n<p>Com a <strong>grup musical per a bodes a Barcelona<\/strong>, ens assegurem d\u2019adaptar-nos a l&#8217;estil i els desitjos de cada parella. El nostre objectiu \u00e9s personalitzar la m\u00fasica segons les necessitats del vostre esdeveniment, des de moments \u00edntims amb balades fins a hits plens d&#8217;energia per fer ballar a tothom. Amb la nostra combinaci\u00f3 d\u2019interacci\u00f3, creativitat i professionalitat, cada actuaci\u00f3 es converteix en una experi\u00e8ncia \u00fanica per a tu i els teus convidats.<\/p>\n<\/div><\/div>\n\n\n<style>.kadence-column2252_d2987f-0e > .kt-inside-inner-col,.kadence-column2252_d2987f-0e > .kt-inside-inner-col:before{border-top-left-radius:0px;border-top-right-radius:0px;border-bottom-right-radius:0px;border-bottom-left-radius:0px;}.kadence-column2252_d2987f-0e > .kt-inside-inner-col{column-gap:var(--global-kb-gap-sm, 1rem);}.kadence-column2252_d2987f-0e > .kt-inside-inner-col{flex-direction:column;}.kadence-column2252_d2987f-0e > .kt-inside-inner-col > .aligncenter{width:100%;}.kadence-column2252_d2987f-0e > .kt-inside-inner-col:before{opacity:0.3;}.kadence-column2252_d2987f-0e{position:relative;}@media all and (max-width: 1024px){.kadence-column2252_d2987f-0e > .kt-inside-inner-col{flex-direction:column;justify-content:center;}}@media all and (max-width: 767px){.kadence-column2252_d2987f-0e > .kt-inside-inner-col{flex-direction:column;justify-content:center;}}<\/style>\n<div class=\"wp-block-kadence-column kadence-column2252_d2987f-0e\"><div class=\"kt-inside-inner-col\">\n<figure class=\"wp-block-image size-full\"><img loading=\"lazy\" decoding=\"async\" width=\"940\" height=\"788\" src=\"https:\/\/fugadosalcatraz.com\/wp-content\/uploads\/2024\/04\/Fugados-de-Alcatraz.jpg\" alt=\"\" class=\"wp-image-1898\" srcset=\"https:\/\/fugadosalcatraz.com\/wp-content\/uploads\/2024\/04\/Fugados-de-Alcatraz.jpg 940w, https:\/\/fugadosalcatraz.com\/wp-content\/uploads\/2024\/04\/Fugados-de-Alcatraz-300x251.jpg 300w, https:\/\/fugadosalcatraz.com\/wp-content\/uploads\/2024\/04\/Fugados-de-Alcatraz-768x644.jpg 768w, https:\/\/fugadosalcatraz.com\/wp-content\/uploads\/2024\/04\/Fugados-de-Alcatraz-14x12.jpg 14w\" sizes=\"auto, (max-width: 940px) 100vw, 940px\" \/><\/figure>\n\n\n\n<h2 class=\"wp-block-heading\">Fugados de Alcatraz: El grup musical per a bodes a Barcelona que necessites<\/h2>\n\n\n\n<p>Quan busques un <strong>grup musical per a bodes a Barcelona<\/strong>, Fugados de Alcatraz t\u2019ofereix una experi\u00e8ncia musical completa i adaptada als teus gustos. Amb anys d&#8217;experi\u00e8ncia en esdeveniments de tot tipus, ens comprometem a fer que la m\u00fasica sigui un element essencial del teu gran dia. Contacta\u2019ns per con\u00e8ixer m\u00e9s sobre els nostres serveis i com podem ajudar a fer del teu casament una festa memorable.<\/p>\n<\/div><\/div>\n\n<\/div><\/div>\n\n\n<p><\/p>\n","protected":false},"excerpt":{"rendered":"<p>Grup Musical per a Bodes a Barcelona Grup musical per a bodes a Barcelona: L\u2019ess\u00e8ncia de la teva celebraci\u00f3 A Fugados de Alcatraz, som el grup musical per a bodes&#8230;<\/p>","protected":false},"author":4,"featured_media":506,"parent":927,"menu_order":0,"comment_status":"closed","ping_status":"closed","template":"","meta":{"_kad_blocks_custom_css":"","_kad_blocks_head_custom_js":"","_kad_blocks_body_custom_js":"","_kad_blocks_footer_custom_js":"","_EventAllDay":false,"_EventTimezone":"","_EventStartDate":"","_EventEndDate":"","_EventStartDateUTC":"","_EventEndDateUTC":"","_EventShowMap":false,"_EventShowMapLink":false,"_EventURL":"","_EventCost":"","_EventCostDescription":"","_EventCurrencySymbol":"","_EventCurrencyCode":"","_EventCurrencyPosition":"","_EventDateTimeSeparator":"","_EventTimeRangeSeparator":"","_EventOrganizerID":[],"_EventVenueID":[],"_OrganizerEmail":"","_OrganizerPhone":"","_OrganizerWebsite":"","_VenueAddress":"","_VenueCity":"","_VenueCountry":"","_VenueProvince":"","_VenueState":"","_VenueZip":"","_VenuePhone":"","_VenueURL":"","_VenueStateProvince":"","_VenueLat":"","_VenueLng":"","_VenueShowMap":false,"_VenueShowMapLink":false,"_kad_post_transparent":"","_kad_post_title":"hide","_kad_post_layout":"fullwidth","_kad_post_sidebar_id":"","_kad_post_content_style":"unboxed","_kad_post_vertical_padding":"hide","_kad_post_feature":"hide","_kad_post_feature_position":"","_kad_post_header":false,"_kad_post_footer":false,"_kad_post_classname":"","footnotes":""},"class_list":["post-2252","page","type-page","status-publish","has-post-thumbnail","hentry"],"yoast_head":"<!-- This site is optimized with the Yoast SEO plugin v27.2 - https:\/\/yoast.com\/product\/yoast-seo-wordpress\/ -->\n<title>Grup Musical Per a Bodes Barcelona - Grupo de versiones<\/title>\n<meta name=\"robots\" content=\"index, follow, max-snippet:-1, max-image-preview:large, max-video-preview:-1\" \/>\n<link rel=\"canonical\" href=\"https:\/\/fugadosalcatraz.com\/es\/contractacions\/grup-versions-festa-major\/grup-musical-per-a-bodes-a-barcelona\/\" \/>\n<meta property=\"og:locale\" content=\"es_ES\" \/>\n<meta property=\"og:type\" content=\"article\" \/>\n<meta property=\"og:title\" content=\"Grup Musical Per a Bodes Barcelona - Grupo de versiones\" \/>\n<meta property=\"og:description\" content=\"Grup Musical per a Bodes a Barcelona Grup musical per a bodes a Barcelona: L\u2019ess\u00e8ncia de la teva celebraci\u00f3 A Fugados de Alcatraz, som el grup musical per a bodes...\" \/>\n<meta property=\"og:url\" content=\"https:\/\/fugadosalcatraz.com\/es\/contractacions\/grup-versions-festa-major\/grup-musical-per-a-bodes-a-barcelona\/\" \/>\n<meta property=\"og:site_name\" content=\"Grupo de versiones\" \/>\n<meta property=\"article:modified_time\" content=\"2024-10-07T07:20:14+00:00\" \/>\n<meta property=\"og:image\" content=\"https:\/\/fugadosalcatraz.com\/wp-content\/uploads\/2022\/05\/Registration-1.jpeg\" \/>\n\t<meta property=\"og:image:width\" content=\"1600\" \/>\n\t<meta property=\"og:image:height\" content=\"2083\" \/>\n\t<meta property=\"og:image:type\" content=\"image\/jpeg\" \/>\n<meta name=\"twitter:card\" content=\"summary_large_image\" \/>\n<meta name=\"twitter:label1\" content=\"Tiempo de lectura\" \/>\n\t<meta name=\"twitter:data1\" content=\"2 minutos\" \/>\n<script type=\"application\/ld+json\" class=\"yoast-schema-graph\">{\"@context\":\"https:\/\/schema.org\",\"@graph\":[{\"@type\":\"WebPage\",\"@id\":\"https:\/\/fugadosalcatraz.com\/contractacions\/grup-versions-festa-major\/grup-musical-per-a-bodes-a-barcelona\/\",\"url\":\"https:\/\/fugadosalcatraz.com\/contractacions\/grup-versions-festa-major\/grup-musical-per-a-bodes-a-barcelona\/\",\"name\":\"Grup Musical Per a Bodes Barcelona - Grupo de versiones\",\"isPartOf\":{\"@id\":\"https:\/\/fugadosalcatraz.com\/#website\"},\"primaryImageOfPage\":{\"@id\":\"https:\/\/fugadosalcatraz.com\/contractacions\/grup-versions-festa-major\/grup-musical-per-a-bodes-a-barcelona\/#primaryimage\"},\"image\":{\"@id\":\"https:\/\/fugadosalcatraz.com\/contractacions\/grup-versions-festa-major\/grup-musical-per-a-bodes-a-barcelona\/#primaryimage\"},\"thumbnailUrl\":\"https:\/\/fugadosalcatraz.com\/wp-content\/uploads\/2022\/05\/Registration-1.jpeg\",\"datePublished\":\"2024-10-07T07:01:00+00:00\",\"dateModified\":\"2024-10-07T07:20:14+00:00\",\"breadcrumb\":{\"@id\":\"https:\/\/fugadosalcatraz.com\/contractacions\/grup-versions-festa-major\/grup-musical-per-a-bodes-a-barcelona\/#breadcrumb\"},\"inLanguage\":\"es\",\"potentialAction\":[{\"@type\":\"ReadAction\",\"target\":[\"https:\/\/fugadosalcatraz.com\/contractacions\/grup-versions-festa-major\/grup-musical-per-a-bodes-a-barcelona\/\"]}]},{\"@type\":\"ImageObject\",\"inLanguage\":\"es\",\"@id\":\"https:\/\/fugadosalcatraz.com\/contractacions\/grup-versions-festa-major\/grup-musical-per-a-bodes-a-barcelona\/#primaryimage\",\"url\":\"https:\/\/fugadosalcatraz.com\/wp-content\/uploads\/2022\/05\/Registration-1.jpeg\",\"contentUrl\":\"https:\/\/fugadosalcatraz.com\/wp-content\/uploads\/2022\/05\/Registration-1.jpeg\",\"width\":1600,\"height\":2083},{\"@type\":\"BreadcrumbList\",\"@id\":\"https:\/\/fugadosalcatraz.com\/contractacions\/grup-versions-festa-major\/grup-musical-per-a-bodes-a-barcelona\/#breadcrumb\",\"itemListElement\":[{\"@type\":\"ListItem\",\"position\":1,\"name\":\"Inici\",\"item\":\"https:\/\/fugadosalcatraz.com\/\"},{\"@type\":\"ListItem\",\"position\":2,\"name\":\"Contractacions\",\"item\":\"https:\/\/fugadosalcatraz.com\/contractacions\/\"},{\"@type\":\"ListItem\",\"position\":3,\"name\":\"Grup versions festa major\",\"item\":\"https:\/\/fugadosalcatraz.com\/contractacions\/grup-versions-festa-major\/\"},{\"@type\":\"ListItem\",\"position\":4,\"name\":\"Grup Musical Per a Bodes Barcelona\"}]},{\"@type\":\"WebSite\",\"@id\":\"https:\/\/fugadosalcatraz.com\/#website\",\"url\":\"https:\/\/fugadosalcatraz.com\/\",\"name\":\"Grupo de versiones\",\"description\":\"Fugados de Alcatraz\",\"publisher\":{\"@id\":\"https:\/\/fugadosalcatraz.com\/#organization\"},\"potentialAction\":[{\"@type\":\"SearchAction\",\"target\":{\"@type\":\"EntryPoint\",\"urlTemplate\":\"https:\/\/fugadosalcatraz.com\/?s={search_term_string}\"},\"query-input\":{\"@type\":\"PropertyValueSpecification\",\"valueRequired\":true,\"valueName\":\"search_term_string\"}}],\"inLanguage\":\"es\"},{\"@type\":\"Organization\",\"@id\":\"https:\/\/fugadosalcatraz.com\/#organization\",\"name\":\"Grupo de versiones\",\"url\":\"https:\/\/fugadosalcatraz.com\/\",\"logo\":{\"@type\":\"ImageObject\",\"inLanguage\":\"es\",\"@id\":\"https:\/\/fugadosalcatraz.com\/#\/schema\/logo\/image\/\",\"url\":\"https:\/\/fugadosalcatraz.com\/wp-content\/uploads\/2024\/01\/FUGADOS-logo.png\",\"contentUrl\":\"https:\/\/fugadosalcatraz.com\/wp-content\/uploads\/2024\/01\/FUGADOS-logo.png\",\"width\":1200,\"height\":466,\"caption\":\"Grupo de versiones\"},\"image\":{\"@id\":\"https:\/\/fugadosalcatraz.com\/#\/schema\/logo\/image\/\"}}]}<\/script>\n<!-- \/ Yoast SEO plugin. -->","yoast_head_json":{"title":"Grup Musical Per a Bodes Barcelona - Grupo de versiones","robots":{"index":"index","follow":"follow","max-snippet":"max-snippet:-1","max-image-preview":"max-image-preview:large","max-video-preview":"max-video-preview:-1"},"canonical":"https:\/\/fugadosalcatraz.com\/es\/contractacions\/grup-versions-festa-major\/grup-musical-per-a-bodes-a-barcelona\/","og_locale":"es_ES","og_type":"article","og_title":"Grup Musical Per a Bodes Barcelona - Grupo de versiones","og_description":"Grup Musical per a Bodes a Barcelona Grup musical per a bodes a Barcelona: L\u2019ess\u00e8ncia de la teva celebraci\u00f3 A Fugados de Alcatraz, som el grup musical per a bodes...","og_url":"https:\/\/fugadosalcatraz.com\/es\/contractacions\/grup-versions-festa-major\/grup-musical-per-a-bodes-a-barcelona\/","og_site_name":"Grupo de versiones","article_modified_time":"2024-10-07T07:20:14+00:00","og_image":[{"width":1600,"height":2083,"url":"https:\/\/fugadosalcatraz.com\/wp-content\/uploads\/2022\/05\/Registration-1.jpeg","type":"image\/jpeg"}],"twitter_card":"summary_large_image","twitter_misc":{"Tiempo de lectura":"2 minutos"},"schema":{"@context":"https:\/\/schema.org","@graph":[{"@type":"WebPage","@id":"https:\/\/fugadosalcatraz.com\/contractacions\/grup-versions-festa-major\/grup-musical-per-a-bodes-a-barcelona\/","url":"https:\/\/fugadosalcatraz.com\/contractacions\/grup-versions-festa-major\/grup-musical-per-a-bodes-a-barcelona\/","name":"Grup Musical Per a Bodes Barcelona - Grupo de versiones","isPartOf":{"@id":"https:\/\/fugadosalcatraz.com\/#website"},"primaryImageOfPage":{"@id":"https:\/\/fugadosalcatraz.com\/contractacions\/grup-versions-festa-major\/grup-musical-per-a-bodes-a-barcelona\/#primaryimage"},"image":{"@id":"https:\/\/fugadosalcatraz.com\/contractacions\/grup-versions-festa-major\/grup-musical-per-a-bodes-a-barcelona\/#primaryimage"},"thumbnailUrl":"https:\/\/fugadosalcatraz.com\/wp-content\/uploads\/2022\/05\/Registration-1.jpeg","datePublished":"2024-10-07T07:01:00+00:00","dateModified":"2024-10-07T07:20:14+00:00","breadcrumb":{"@id":"https:\/\/fugadosalcatraz.com\/contractacions\/grup-versions-festa-major\/grup-musical-per-a-bodes-a-barcelona\/#breadcrumb"},"inLanguage":"es","potentialAction":[{"@type":"ReadAction","target":["https:\/\/fugadosalcatraz.com\/contractacions\/grup-versions-festa-major\/grup-musical-per-a-bodes-a-barcelona\/"]}]},{"@type":"ImageObject","inLanguage":"es","@id":"https:\/\/fugadosalcatraz.com\/contractacions\/grup-versions-festa-major\/grup-musical-per-a-bodes-a-barcelona\/#primaryimage","url":"https:\/\/fugadosalcatraz.com\/wp-content\/uploads\/2022\/05\/Registration-1.jpeg","contentUrl":"https:\/\/fugadosalcatraz.com\/wp-content\/uploads\/2022\/05\/Registration-1.jpeg","width":1600,"height":2083},{"@type":"BreadcrumbList","@id":"https:\/\/fugadosalcatraz.com\/contractacions\/grup-versions-festa-major\/grup-musical-per-a-bodes-a-barcelona\/#breadcrumb","itemListElement":[{"@type":"ListItem","position":1,"name":"Inici","item":"https:\/\/fugadosalcatraz.com\/"},{"@type":"ListItem","position":2,"name":"Contractacions","item":"https:\/\/fugadosalcatraz.com\/contractacions\/"},{"@type":"ListItem","position":3,"name":"Grup versions festa major","item":"https:\/\/fugadosalcatraz.com\/contractacions\/grup-versions-festa-major\/"},{"@type":"ListItem","position":4,"name":"Grup Musical Per a Bodes Barcelona"}]},{"@type":"WebSite","@id":"https:\/\/fugadosalcatraz.com\/#website","url":"https:\/\/fugadosalcatraz.com\/","name":"Grupo de versiones","description":"Fugados de Alcatraz","publisher":{"@id":"https:\/\/fugadosalcatraz.com\/#organization"},"potentialAction":[{"@type":"SearchAction","target":{"@type":"EntryPoint","urlTemplate":"https:\/\/fugadosalcatraz.com\/?s={search_term_string}"},"query-input":{"@type":"PropertyValueSpecification","valueRequired":true,"valueName":"search_term_string"}}],"inLanguage":"es"},{"@type":"Organization","@id":"https:\/\/fugadosalcatraz.com\/#organization","name":"Grupo de versiones","url":"https:\/\/fugadosalcatraz.com\/","logo":{"@type":"ImageObject","inLanguage":"es","@id":"https:\/\/fugadosalcatraz.com\/#\/schema\/logo\/image\/","url":"https:\/\/fugadosalcatraz.com\/wp-content\/uploads\/2024\/01\/FUGADOS-logo.png","contentUrl":"https:\/\/fugadosalcatraz.com\/wp-content\/uploads\/2024\/01\/FUGADOS-logo.png","width":1200,"height":466,"caption":"Grupo de versiones"},"image":{"@id":"https:\/\/fugadosalcatraz.com\/#\/schema\/logo\/image\/"}}]}},"taxonomy_info":[],"featured_image_src_large":["https:\/\/fugadosalcatraz.com\/wp-content\/uploads\/2022\/05\/Registration-1-787x1024.jpeg",787,1024,true],"author_info":{"display_name":"Patri","author_link":"https:\/\/fugadosalcatraz.com\/es\/author\/patri\/"},"comment_info":0,"_links":{"self":[{"href":"https:\/\/fugadosalcatraz.com\/es\/wp-json\/wp\/v2\/pages\/2252","targetHints":{"allow":["GET"]}}],"collection":[{"href":"https:\/\/fugadosalcatraz.com\/es\/wp-json\/wp\/v2\/pages"}],"about":[{"href":"https:\/\/fugadosalcatraz.com\/es\/wp-json\/wp\/v2\/types\/page"}],"author":[{"embeddable":true,"href":"https:\/\/fugadosalcatraz.com\/es\/wp-json\/wp\/v2\/users\/4"}],"replies":[{"embeddable":true,"href":"https:\/\/fugadosalcatraz.com\/es\/wp-json\/wp\/v2\/comments?post=2252"}],"version-history":[{"count":4,"href":"https:\/\/fugadosalcatraz.com\/es\/wp-json\/wp\/v2\/pages\/2252\/revisions"}],"predecessor-version":[{"id":2261,"href":"https:\/\/fugadosalcatraz.com\/es\/wp-json\/wp\/v2\/pages\/2252\/revisions\/2261"}],"up":[{"embeddable":true,"href":"https:\/\/fugadosalcatraz.com\/es\/wp-json\/wp\/v2\/pages\/927"}],"wp:featuredmedia":[{"embeddable":true,"href":"https:\/\/fugadosalcatraz.com\/es\/wp-json\/wp\/v2\/media\/506"}],"wp:attachment":[{"href":"https:\/\/fugadosalcatraz.com\/es\/wp-json\/wp\/v2\/media?parent=2252"}],"curies":[{"name":"wp","href":"https:\/\/api.w.org\/{rel}","templated":true}]}}