{"id":1631,"date":"2024-04-09T11:23:37","date_gmt":"2024-04-09T09:23:37","guid":{"rendered":"https:\/\/fugadosalcatraz.com\/?page_id=1631"},"modified":"2024-04-26T14:32:42","modified_gmt":"2024-04-26T12:32:42","slug":"grup-de-versions-sant-cugat-del-valles","status":"publish","type":"page","link":"https:\/\/fugadosalcatraz.com\/es\/contractacions\/grup-versions-festa-major\/grup-de-versions-sant-cugat-del-valles\/","title":{"rendered":"Grup de versions Sant Cugat del Vall\u00e8s"},"content":{"rendered":"<style>.kb-row-layout-id1631_aff85b-f8 > .kt-row-column-wrap{align-content:start;}:where(.kb-row-layout-id1631_aff85b-f8 > .kt-row-column-wrap) > .wp-block-kadence-column{justify-content:start;}.kb-row-layout-id1631_aff85b-f8 > .kt-row-column-wrap{column-gap:var(--global-kb-gap-md, 2rem);row-gap:var(--global-kb-gap-md, 2rem);max-width:var( --global-content-width, 1290px );padding-left:var(--global-content-edge-padding);padding-right:var(--global-content-edge-padding);padding-top:200px;padding-bottom:90px;grid-template-columns:minmax(0, 1fr);}.kb-row-layout-id1631_aff85b-f8 > .kt-row-layout-overlay{opacity:0.56;background:radial-gradient(ellipse at right top, #e539fd 0%, var(--global-palette3) 92%);mix-blend-mode:multiply;}@media all and (max-width: 1024px){.kb-row-layout-id1631_aff85b-f8 > .kt-row-column-wrap{grid-template-columns:minmax(0, 1fr);}}@media all and (max-width: 767px){.kb-row-layout-id1631_aff85b-f8 > .kt-row-column-wrap{padding-top:var(--global-kb-spacing-4xl, 8rem);grid-template-columns:minmax(0, 1fr);}}<\/style><div class=\"kb-row-layout-wrap kb-row-layout-id1631_aff85b-f8 alignnone has-theme-palette3-background-color kt-row-has-bg wp-block-kadence-rowlayout\"><div class=\"kt-row-layout-overlay kt-row-overlay-gradient\"><\/div><div class=\"kt-row-column-wrap kt-has-1-columns kt-row-layout-equal kt-tab-layout-inherit kt-mobile-layout-row kt-row-valign-top kb-theme-content-width\">\n<style>.kadence-column1631_8a3415-48 > .kt-inside-inner-col,.kadence-column1631_8a3415-48 > .kt-inside-inner-col:before{border-top-left-radius:0px;border-top-right-radius:0px;border-bottom-right-radius:0px;border-bottom-left-radius:0px;}.kadence-column1631_8a3415-48 > .kt-inside-inner-col{column-gap:var(--global-kb-gap-sm, 1rem);}.kadence-column1631_8a3415-48 > .kt-inside-inner-col{flex-direction:column;}.kadence-column1631_8a3415-48 > .kt-inside-inner-col > .aligncenter{width:100%;}.kadence-column1631_8a3415-48 > .kt-inside-inner-col:before{opacity:0.3;}.kadence-column1631_8a3415-48{position:relative;}@media all and (max-width: 1024px){.kadence-column1631_8a3415-48 > .kt-inside-inner-col{flex-direction:column;justify-content:center;}}@media all and (max-width: 767px){.kadence-column1631_8a3415-48 > .kt-inside-inner-col{flex-direction:column;justify-content:center;}}<\/style>\n<div class=\"wp-block-kadence-column kadence-column1631_8a3415-48 inner-column-1\"><div class=\"kt-inside-inner-col\"><style>.wp-block-kadence-advancedheading.kt-adv-heading1631_e2911b-2e, .wp-block-kadence-advancedheading.kt-adv-heading1631_e2911b-2e[data-kb-block=\"kb-adv-heading1631_e2911b-2e\"]{margin-top:0px;text-align:center;font-style:normal;}.wp-block-kadence-advancedheading.kt-adv-heading1631_e2911b-2e mark.kt-highlight, .wp-block-kadence-advancedheading.kt-adv-heading1631_e2911b-2e[data-kb-block=\"kb-adv-heading1631_e2911b-2e\"] mark.kt-highlight{font-style:normal;color:#f76a0c;-webkit-box-decoration-break:clone;box-decoration-break:clone;padding-top:0px;padding-right:0px;padding-bottom:0px;padding-left:0px;}.wp-block-kadence-advancedheading.kt-adv-heading1631_e2911b-2e img.kb-inline-image, .wp-block-kadence-advancedheading.kt-adv-heading1631_e2911b-2e[data-kb-block=\"kb-adv-heading1631_e2911b-2e\"] img.kb-inline-image{width:150px;vertical-align:baseline;}@media all and (max-width: 1024px){.wp-block-kadence-advancedheading.kt-adv-heading1631_e2911b-2e, .wp-block-kadence-advancedheading.kt-adv-heading1631_e2911b-2e[data-kb-block=\"kb-adv-heading1631_e2911b-2e\"]{font-size:60px;}}@media all and (max-width: 767px){.wp-block-kadence-advancedheading.kt-adv-heading1631_e2911b-2e, .wp-block-kadence-advancedheading.kt-adv-heading1631_e2911b-2e[data-kb-block=\"kb-adv-heading1631_e2911b-2e\"]{font-size:26px;}}<\/style>\n<h1 class=\"kt-adv-heading1631_e2911b-2e wp-block-kadence-advancedheading has-theme-palette-9-color has-text-color\" data-kb-block=\"kb-adv-heading1631_e2911b-2e\"><strong>Grup de versions <\/strong>Sant Cugat del Vall\u00e8s<\/h1>\n\n\n<style>.wp-block-kadence-advancedheading.kt-adv-heading1631_c38735-98, .wp-block-kadence-advancedheading.kt-adv-heading1631_c38735-98[data-kb-block=\"kb-adv-heading1631_c38735-98\"]{text-align:center;font-style:normal;}.wp-block-kadence-advancedheading.kt-adv-heading1631_c38735-98 mark.kt-highlight, .wp-block-kadence-advancedheading.kt-adv-heading1631_c38735-98[data-kb-block=\"kb-adv-heading1631_c38735-98\"] mark.kt-highlight{font-style:normal;color:#f76a0c;-webkit-box-decoration-break:clone;box-decoration-break:clone;padding-top:0px;padding-right:0px;padding-bottom:0px;padding-left:0px;}.wp-block-kadence-advancedheading.kt-adv-heading1631_c38735-98 img.kb-inline-image, .wp-block-kadence-advancedheading.kt-adv-heading1631_c38735-98[data-kb-block=\"kb-adv-heading1631_c38735-98\"] img.kb-inline-image{width:150px;vertical-align:baseline;}<\/style>\n<p class=\"kt-adv-heading1631_c38735-98 wp-block-kadence-advancedheading has-theme-palette-9-color has-text-color\" data-kb-block=\"kb-adv-heading1631_c38735-98\"><a href=\"https:\/\/startertemplatecloud.com\/e18\/#\"><\/a><\/p>\n<\/div><\/div>\n\n<\/div><\/div>\n\n<style>.kb-row-layout-id1631_b35fad-fd > .kt-row-column-wrap{align-content:start;}:where(.kb-row-layout-id1631_b35fad-fd > .kt-row-column-wrap) > .wp-block-kadence-column{justify-content:start;}.kb-row-layout-id1631_b35fad-fd > .kt-row-column-wrap{column-gap:var(--global-kb-gap-lg, 4rem);row-gap:var(--global-kb-gap-md, 2rem);max-width:var( --global-content-width, 1290px );padding-left:var(--global-content-edge-padding);padding-right:var(--global-content-edge-padding);padding-top:80px;padding-bottom:80px;grid-template-columns:repeat(2, minmax(0, 1fr));}.kb-row-layout-id1631_b35fad-fd > .kt-row-layout-overlay{opacity:0.30;}@media all and (max-width: 1024px){.kb-row-layout-id1631_b35fad-fd > .kt-row-column-wrap{grid-template-columns:repeat(2, minmax(0, 1fr));}}@media all and (max-width: 767px){.kb-row-layout-id1631_b35fad-fd > .kt-row-column-wrap{grid-template-columns:minmax(0, 1fr);}}<\/style><div class=\"kb-row-layout-wrap kb-row-layout-id1631_b35fad-fd alignnone wp-block-kadence-rowlayout\"><div class=\"kt-row-column-wrap kt-has-2-columns kt-row-layout-equal kt-tab-layout-inherit kt-mobile-layout-row kt-row-valign-top kb-theme-content-width\">\n<style>.kadence-column1631_9dd54e-6a > .kt-inside-inner-col,.kadence-column1631_9dd54e-6a > .kt-inside-inner-col:before{border-top-left-radius:0px;border-top-right-radius:0px;border-bottom-right-radius:0px;border-bottom-left-radius:0px;}.kadence-column1631_9dd54e-6a > .kt-inside-inner-col{column-gap:var(--global-kb-gap-sm, 1rem);}.kadence-column1631_9dd54e-6a > .kt-inside-inner-col{flex-direction:column;}.kadence-column1631_9dd54e-6a > .kt-inside-inner-col > .aligncenter{width:100%;}.kadence-column1631_9dd54e-6a > .kt-inside-inner-col:before{opacity:0.3;}.kadence-column1631_9dd54e-6a{position:relative;}@media all and (max-width: 1024px){.kadence-column1631_9dd54e-6a > .kt-inside-inner-col{flex-direction:column;justify-content:center;}}@media all and (max-width: 767px){.kadence-column1631_9dd54e-6a > .kt-inside-inner-col{flex-direction:column;justify-content:center;}}<\/style>\n<div class=\"wp-block-kadence-column kadence-column1631_9dd54e-6a inner-column-1\"><div class=\"kt-inside-inner-col\">\n<h2 class=\"wp-block-heading\">El teu grup de versions a Sant Cugat del Vall\u00e8s<\/h2>\n\n\n\n<p>Som el teu <strong>grup de versions <\/strong>musicals <strong>a Sant Cugat del Vall\u00e8s<\/strong>, preparats per omplir els teus esdeveniments amb una energia vibrant des del primer acord. Amb un repertori ecl\u00e8ctic que abasta m\u00e9s de 100 can\u00e7ons, oferim dues hores de concert plenes de m\u00fasica en viu per garantir una experi\u00e8ncia inoblidable plena de diversi\u00f3 i entreteniment.<\/p>\n\n\n\n<h2 class=\"wp-block-heading\">Gaudeix dels millors hits amb el nostre grup de versions a Sant Cugat del Vall\u00e8s <\/h2>\n\n\n\n<p>Els nostres concerts s\u00f3n una barreja exquisida d&#8217;alegria i ritme. Amb una selecci\u00f3 musical meticulosa que inclou \u00e8xits de totes les \u00e8poques, mantenim l&#8217;ambient festiu durant tota l&#8217;actuaci\u00f3. Com a <strong>grup de versions <\/strong>musicals <strong>a Sant Cugat del Vall\u00e8s<\/strong>, la nostra interacci\u00f3 amb el p\u00fablic \u00e9s una part fonamental de l&#8217;espectacle, creant moments \u00fanics i inoblidables que et deixaran amb ganes de m\u00e9s.<\/p>\n<\/div><\/div>\n\n\n<style>.kadence-column1631_c150c6-8b > .kt-inside-inner-col,.kadence-column1631_c150c6-8b > .kt-inside-inner-col:before{border-top-left-radius:0px;border-top-right-radius:0px;border-bottom-right-radius:0px;border-bottom-left-radius:0px;}.kadence-column1631_c150c6-8b > .kt-inside-inner-col{column-gap:var(--global-kb-gap-sm, 1rem);}.kadence-column1631_c150c6-8b > .kt-inside-inner-col{flex-direction:column;}.kadence-column1631_c150c6-8b > .kt-inside-inner-col > .aligncenter{width:100%;}.kadence-column1631_c150c6-8b > .kt-inside-inner-col:before{opacity:0.3;}.kadence-column1631_c150c6-8b{position:relative;}@media all and (max-width: 1024px){.kadence-column1631_c150c6-8b > .kt-inside-inner-col{flex-direction:column;justify-content:center;}}@media all and (max-width: 767px){.kadence-column1631_c150c6-8b > .kt-inside-inner-col{flex-direction:column;justify-content:center;}}<\/style>\n<div class=\"wp-block-kadence-column kadence-column1631_c150c6-8b\"><div class=\"kt-inside-inner-col\">\n<figure class=\"wp-block-image size-full\"><img loading=\"lazy\" decoding=\"async\" width=\"940\" height=\"788\" src=\"https:\/\/fugadosalcatraz.com\/wp-content\/uploads\/2024\/04\/Fugados-de-Alcatraz.jpg\" alt=\"\" class=\"wp-image-1898\" srcset=\"https:\/\/fugadosalcatraz.com\/wp-content\/uploads\/2024\/04\/Fugados-de-Alcatraz.jpg 940w, https:\/\/fugadosalcatraz.com\/wp-content\/uploads\/2024\/04\/Fugados-de-Alcatraz-300x251.jpg 300w, https:\/\/fugadosalcatraz.com\/wp-content\/uploads\/2024\/04\/Fugados-de-Alcatraz-768x644.jpg 768w, https:\/\/fugadosalcatraz.com\/wp-content\/uploads\/2024\/04\/Fugados-de-Alcatraz-14x12.jpg 14w\" sizes=\"auto, (max-width: 940px) 100vw, 940px\" \/><\/figure>\n\n\n\n<h2 class=\"wp-block-heading\">Contracta el nostre grup de versions a Sant Cugat del Vall\u00e8s<\/h2>\n\n\n\n<p>Amb la nostra passi\u00f3 per la m\u00fasica i la nostra energia contagiosa, et prometem una experi\u00e8ncia que no oblidar\u00e0s mai. Al nostre <strong>grup de versions a Sant Cugat del Vall\u00e8s<\/strong>, Fugados de Alcatraz, la teva diversi\u00f3 \u00e9s la nostra prioritat absoluta. Amb nosaltres, cada actuaci\u00f3 \u00e9s una oportunitat per viure la m\u00e0gia de la m\u00fasica en viu i crear records inoblidables. Uneix-te a nosaltres i deixa&#8217;t portar pel ritme en els teus esdeveniments m\u00e9s especials!<\/p>\n<\/div><\/div>\n\n<\/div><\/div>","protected":false},"excerpt":{"rendered":"<p>Grup de versions Sant Cugat del Vall\u00e8s El teu grup de versions a Sant Cugat del Vall\u00e8s Som el teu grup de versions musicals a Sant Cugat del Vall\u00e8s, preparats&#8230;<\/p>","protected":false},"author":4,"featured_media":506,"parent":927,"menu_order":0,"comment_status":"closed","ping_status":"closed","template":"","meta":{"_kad_blocks_custom_css":"","_kad_blocks_head_custom_js":"","_kad_blocks_body_custom_js":"","_kad_blocks_footer_custom_js":"","_EventAllDay":false,"_EventTimezone":"","_EventStartDate":"","_EventEndDate":"","_EventStartDateUTC":"","_EventEndDateUTC":"","_EventShowMap":false,"_EventShowMapLink":false,"_EventURL":"","_EventCost":"","_EventCostDescription":"","_EventCurrencySymbol":"","_EventCurrencyCode":"","_EventCurrencyPosition":"","_EventDateTimeSeparator":"","_EventTimeRangeSeparator":"","_EventOrganizerID":[],"_EventVenueID":[],"_OrganizerEmail":"","_OrganizerPhone":"","_OrganizerWebsite":"","_VenueAddress":"","_VenueCity":"","_VenueCountry":"","_VenueProvince":"","_VenueState":"","_VenueZip":"","_VenuePhone":"","_VenueURL":"","_VenueStateProvince":"","_VenueLat":"","_VenueLng":"","_VenueShowMap":false,"_VenueShowMapLink":false,"_kad_post_transparent":"","_kad_post_title":"hide","_kad_post_layout":"fullwidth","_kad_post_sidebar_id":"","_kad_post_content_style":"unboxed","_kad_post_vertical_padding":"hide","_kad_post_feature":"hide","_kad_post_feature_position":"","_kad_post_header":false,"_kad_post_footer":false,"_kad_post_classname":"","footnotes":""},"class_list":["post-1631","page","type-page","status-publish","has-post-thumbnail","hentry"],"yoast_head":"<!-- This site is optimized with the Yoast SEO plugin v27.2 - https:\/\/yoast.com\/product\/yoast-seo-wordpress\/ -->\n<title>Grup de versions Sant Cugat del Vall\u00e8s - Grupo de versiones<\/title>\n<meta name=\"robots\" content=\"index, follow, max-snippet:-1, max-image-preview:large, max-video-preview:-1\" \/>\n<link rel=\"canonical\" href=\"https:\/\/fugadosalcatraz.com\/es\/contractacions\/grup-versions-festa-major\/grup-de-versions-sant-cugat-del-valles\/\" \/>\n<meta property=\"og:locale\" content=\"es_ES\" \/>\n<meta property=\"og:type\" content=\"article\" \/>\n<meta property=\"og:title\" content=\"Grup de versions Sant Cugat del Vall\u00e8s - Grupo de versiones\" \/>\n<meta property=\"og:description\" content=\"Grup de versions Sant Cugat del Vall\u00e8s El teu grup de versions a Sant Cugat del Vall\u00e8s Som el teu grup de versions musicals a Sant Cugat del Vall\u00e8s, preparats...\" \/>\n<meta property=\"og:url\" content=\"https:\/\/fugadosalcatraz.com\/es\/contractacions\/grup-versions-festa-major\/grup-de-versions-sant-cugat-del-valles\/\" \/>\n<meta property=\"og:site_name\" content=\"Grupo de versiones\" \/>\n<meta property=\"article:modified_time\" content=\"2024-04-26T12:32:42+00:00\" \/>\n<meta property=\"og:image\" content=\"https:\/\/fugadosalcatraz.com\/wp-content\/uploads\/2022\/05\/Registration-1.jpeg\" \/>\n\t<meta property=\"og:image:width\" content=\"1600\" \/>\n\t<meta property=\"og:image:height\" content=\"2083\" \/>\n\t<meta property=\"og:image:type\" content=\"image\/jpeg\" \/>\n<meta name=\"twitter:card\" content=\"summary_large_image\" \/>\n<meta name=\"twitter:label1\" content=\"Tiempo de lectura\" \/>\n\t<meta name=\"twitter:data1\" content=\"2 minutos\" \/>\n<script type=\"application\/ld+json\" class=\"yoast-schema-graph\">{\"@context\":\"https:\/\/schema.org\",\"@graph\":[{\"@type\":\"WebPage\",\"@id\":\"https:\/\/fugadosalcatraz.com\/contractacions\/grup-versions-festa-major\/grup-de-versions-sant-cugat-del-valles\/\",\"url\":\"https:\/\/fugadosalcatraz.com\/contractacions\/grup-versions-festa-major\/grup-de-versions-sant-cugat-del-valles\/\",\"name\":\"Grup de versions Sant Cugat del Vall\u00e8s - Grupo de versiones\",\"isPartOf\":{\"@id\":\"https:\/\/fugadosalcatraz.com\/#website\"},\"primaryImageOfPage\":{\"@id\":\"https:\/\/fugadosalcatraz.com\/contractacions\/grup-versions-festa-major\/grup-de-versions-sant-cugat-del-valles\/#primaryimage\"},\"image\":{\"@id\":\"https:\/\/fugadosalcatraz.com\/contractacions\/grup-versions-festa-major\/grup-de-versions-sant-cugat-del-valles\/#primaryimage\"},\"thumbnailUrl\":\"https:\/\/fugadosalcatraz.com\/wp-content\/uploads\/2022\/05\/Registration-1.jpeg\",\"datePublished\":\"2024-04-09T09:23:37+00:00\",\"dateModified\":\"2024-04-26T12:32:42+00:00\",\"breadcrumb\":{\"@id\":\"https:\/\/fugadosalcatraz.com\/contractacions\/grup-versions-festa-major\/grup-de-versions-sant-cugat-del-valles\/#breadcrumb\"},\"inLanguage\":\"es\",\"potentialAction\":[{\"@type\":\"ReadAction\",\"target\":[\"https:\/\/fugadosalcatraz.com\/contractacions\/grup-versions-festa-major\/grup-de-versions-sant-cugat-del-valles\/\"]}]},{\"@type\":\"ImageObject\",\"inLanguage\":\"es\",\"@id\":\"https:\/\/fugadosalcatraz.com\/contractacions\/grup-versions-festa-major\/grup-de-versions-sant-cugat-del-valles\/#primaryimage\",\"url\":\"https:\/\/fugadosalcatraz.com\/wp-content\/uploads\/2022\/05\/Registration-1.jpeg\",\"contentUrl\":\"https:\/\/fugadosalcatraz.com\/wp-content\/uploads\/2022\/05\/Registration-1.jpeg\",\"width\":1600,\"height\":2083},{\"@type\":\"BreadcrumbList\",\"@id\":\"https:\/\/fugadosalcatraz.com\/contractacions\/grup-versions-festa-major\/grup-de-versions-sant-cugat-del-valles\/#breadcrumb\",\"itemListElement\":[{\"@type\":\"ListItem\",\"position\":1,\"name\":\"Inici\",\"item\":\"https:\/\/fugadosalcatraz.com\/\"},{\"@type\":\"ListItem\",\"position\":2,\"name\":\"Contractacions\",\"item\":\"https:\/\/fugadosalcatraz.com\/contractacions\/\"},{\"@type\":\"ListItem\",\"position\":3,\"name\":\"Grup versions festa major\",\"item\":\"https:\/\/fugadosalcatraz.com\/contractacions\/grup-versions-festa-major\/\"},{\"@type\":\"ListItem\",\"position\":4,\"name\":\"Grup de versions Sant Cugat del Vall\u00e8s\"}]},{\"@type\":\"WebSite\",\"@id\":\"https:\/\/fugadosalcatraz.com\/#website\",\"url\":\"https:\/\/fugadosalcatraz.com\/\",\"name\":\"Grupo de versiones\",\"description\":\"Fugados de Alcatraz\",\"publisher\":{\"@id\":\"https:\/\/fugadosalcatraz.com\/#organization\"},\"potentialAction\":[{\"@type\":\"SearchAction\",\"target\":{\"@type\":\"EntryPoint\",\"urlTemplate\":\"https:\/\/fugadosalcatraz.com\/?s={search_term_string}\"},\"query-input\":{\"@type\":\"PropertyValueSpecification\",\"valueRequired\":true,\"valueName\":\"search_term_string\"}}],\"inLanguage\":\"es\"},{\"@type\":\"Organization\",\"@id\":\"https:\/\/fugadosalcatraz.com\/#organization\",\"name\":\"Grupo de versiones\",\"url\":\"https:\/\/fugadosalcatraz.com\/\",\"logo\":{\"@type\":\"ImageObject\",\"inLanguage\":\"es\",\"@id\":\"https:\/\/fugadosalcatraz.com\/#\/schema\/logo\/image\/\",\"url\":\"https:\/\/fugadosalcatraz.com\/wp-content\/uploads\/2024\/01\/FUGADOS-logo.png\",\"contentUrl\":\"https:\/\/fugadosalcatraz.com\/wp-content\/uploads\/2024\/01\/FUGADOS-logo.png\",\"width\":1200,\"height\":466,\"caption\":\"Grupo de versiones\"},\"image\":{\"@id\":\"https:\/\/fugadosalcatraz.com\/#\/schema\/logo\/image\/\"}}]}<\/script>\n<!-- \/ Yoast SEO plugin. -->","yoast_head_json":{"title":"Grup de versions Sant Cugat del Vall\u00e8s - Grupo de versiones","robots":{"index":"index","follow":"follow","max-snippet":"max-snippet:-1","max-image-preview":"max-image-preview:large","max-video-preview":"max-video-preview:-1"},"canonical":"https:\/\/fugadosalcatraz.com\/es\/contractacions\/grup-versions-festa-major\/grup-de-versions-sant-cugat-del-valles\/","og_locale":"es_ES","og_type":"article","og_title":"Grup de versions Sant Cugat del Vall\u00e8s - Grupo de versiones","og_description":"Grup de versions Sant Cugat del Vall\u00e8s El teu grup de versions a Sant Cugat del Vall\u00e8s Som el teu grup de versions musicals a Sant Cugat del Vall\u00e8s, preparats...","og_url":"https:\/\/fugadosalcatraz.com\/es\/contractacions\/grup-versions-festa-major\/grup-de-versions-sant-cugat-del-valles\/","og_site_name":"Grupo de versiones","article_modified_time":"2024-04-26T12:32:42+00:00","og_image":[{"width":1600,"height":2083,"url":"https:\/\/fugadosalcatraz.com\/wp-content\/uploads\/2022\/05\/Registration-1.jpeg","type":"image\/jpeg"}],"twitter_card":"summary_large_image","twitter_misc":{"Tiempo de lectura":"2 minutos"},"schema":{"@context":"https:\/\/schema.org","@graph":[{"@type":"WebPage","@id":"https:\/\/fugadosalcatraz.com\/contractacions\/grup-versions-festa-major\/grup-de-versions-sant-cugat-del-valles\/","url":"https:\/\/fugadosalcatraz.com\/contractacions\/grup-versions-festa-major\/grup-de-versions-sant-cugat-del-valles\/","name":"Grup de versions Sant Cugat del Vall\u00e8s - Grupo de versiones","isPartOf":{"@id":"https:\/\/fugadosalcatraz.com\/#website"},"primaryImageOfPage":{"@id":"https:\/\/fugadosalcatraz.com\/contractacions\/grup-versions-festa-major\/grup-de-versions-sant-cugat-del-valles\/#primaryimage"},"image":{"@id":"https:\/\/fugadosalcatraz.com\/contractacions\/grup-versions-festa-major\/grup-de-versions-sant-cugat-del-valles\/#primaryimage"},"thumbnailUrl":"https:\/\/fugadosalcatraz.com\/wp-content\/uploads\/2022\/05\/Registration-1.jpeg","datePublished":"2024-04-09T09:23:37+00:00","dateModified":"2024-04-26T12:32:42+00:00","breadcrumb":{"@id":"https:\/\/fugadosalcatraz.com\/contractacions\/grup-versions-festa-major\/grup-de-versions-sant-cugat-del-valles\/#breadcrumb"},"inLanguage":"es","potentialAction":[{"@type":"ReadAction","target":["https:\/\/fugadosalcatraz.com\/contractacions\/grup-versions-festa-major\/grup-de-versions-sant-cugat-del-valles\/"]}]},{"@type":"ImageObject","inLanguage":"es","@id":"https:\/\/fugadosalcatraz.com\/contractacions\/grup-versions-festa-major\/grup-de-versions-sant-cugat-del-valles\/#primaryimage","url":"https:\/\/fugadosalcatraz.com\/wp-content\/uploads\/2022\/05\/Registration-1.jpeg","contentUrl":"https:\/\/fugadosalcatraz.com\/wp-content\/uploads\/2022\/05\/Registration-1.jpeg","width":1600,"height":2083},{"@type":"BreadcrumbList","@id":"https:\/\/fugadosalcatraz.com\/contractacions\/grup-versions-festa-major\/grup-de-versions-sant-cugat-del-valles\/#breadcrumb","itemListElement":[{"@type":"ListItem","position":1,"name":"Inici","item":"https:\/\/fugadosalcatraz.com\/"},{"@type":"ListItem","position":2,"name":"Contractacions","item":"https:\/\/fugadosalcatraz.com\/contractacions\/"},{"@type":"ListItem","position":3,"name":"Grup versions festa major","item":"https:\/\/fugadosalcatraz.com\/contractacions\/grup-versions-festa-major\/"},{"@type":"ListItem","position":4,"name":"Grup de versions Sant Cugat del Vall\u00e8s"}]},{"@type":"WebSite","@id":"https:\/\/fugadosalcatraz.com\/#website","url":"https:\/\/fugadosalcatraz.com\/","name":"Grupo de versiones","description":"Fugados de Alcatraz","publisher":{"@id":"https:\/\/fugadosalcatraz.com\/#organization"},"potentialAction":[{"@type":"SearchAction","target":{"@type":"EntryPoint","urlTemplate":"https:\/\/fugadosalcatraz.com\/?s={search_term_string}"},"query-input":{"@type":"PropertyValueSpecification","valueRequired":true,"valueName":"search_term_string"}}],"inLanguage":"es"},{"@type":"Organization","@id":"https:\/\/fugadosalcatraz.com\/#organization","name":"Grupo de versiones","url":"https:\/\/fugadosalcatraz.com\/","logo":{"@type":"ImageObject","inLanguage":"es","@id":"https:\/\/fugadosalcatraz.com\/#\/schema\/logo\/image\/","url":"https:\/\/fugadosalcatraz.com\/wp-content\/uploads\/2024\/01\/FUGADOS-logo.png","contentUrl":"https:\/\/fugadosalcatraz.com\/wp-content\/uploads\/2024\/01\/FUGADOS-logo.png","width":1200,"height":466,"caption":"Grupo de versiones"},"image":{"@id":"https:\/\/fugadosalcatraz.com\/#\/schema\/logo\/image\/"}}]}},"taxonomy_info":[],"featured_image_src_large":["https:\/\/fugadosalcatraz.com\/wp-content\/uploads\/2022\/05\/Registration-1-787x1024.jpeg",787,1024,true],"author_info":{"display_name":"Patri","author_link":"https:\/\/fugadosalcatraz.com\/es\/author\/patri\/"},"comment_info":0,"_links":{"self":[{"href":"https:\/\/fugadosalcatraz.com\/es\/wp-json\/wp\/v2\/pages\/1631","targetHints":{"allow":["GET"]}}],"collection":[{"href":"https:\/\/fugadosalcatraz.com\/es\/wp-json\/wp\/v2\/pages"}],"about":[{"href":"https:\/\/fugadosalcatraz.com\/es\/wp-json\/wp\/v2\/types\/page"}],"author":[{"embeddable":true,"href":"https:\/\/fugadosalcatraz.com\/es\/wp-json\/wp\/v2\/users\/4"}],"replies":[{"embeddable":true,"href":"https:\/\/fugadosalcatraz.com\/es\/wp-json\/wp\/v2\/comments?post=1631"}],"version-history":[{"count":5,"href":"https:\/\/fugadosalcatraz.com\/es\/wp-json\/wp\/v2\/pages\/1631\/revisions"}],"predecessor-version":[{"id":1993,"href":"https:\/\/fugadosalcatraz.com\/es\/wp-json\/wp\/v2\/pages\/1631\/revisions\/1993"}],"up":[{"embeddable":true,"href":"https:\/\/fugadosalcatraz.com\/es\/wp-json\/wp\/v2\/pages\/927"}],"wp:featuredmedia":[{"embeddable":true,"href":"https:\/\/fugadosalcatraz.com\/es\/wp-json\/wp\/v2\/media\/506"}],"wp:attachment":[{"href":"https:\/\/fugadosalcatraz.com\/es\/wp-json\/wp\/v2\/media?parent=1631"}],"curies":[{"name":"wp","href":"https:\/\/api.w.org\/{rel}","templated":true}]}}